{"id":1088,"date":"2020-04-27T15:12:11","date_gmt":"2020-04-27T13:12:11","guid":{"rendered":"https:\/\/lsp.es\/sana-t\/?page_id=1088"},"modified":"2025-11-25T12:32:55","modified_gmt":"2025-11-25T11:32:55","slug":"aportacion-social","status":"publish","type":"page","link":"https:\/\/lsp.es\/sana-t\/aportacion-social\/","title":{"rendered":"APORTACI\u00d3N SOCIAL"},"content":{"rendered":"<div id='av_section_1'  class='avia-section main_color avia-section-default avia-no-border-styling  av-section-color-overlay-active avia-bg-style-scroll  avia-builder-el-0  avia-builder-el-no-sibling   av-minimum-height av-minimum-height-75  container_wrap sidebar_right' style='background-color: #9dced2;  '   data-av_minimum_height_pc='75'><div class='av-section-color-overlay-wrap'><div class='av-section-color-overlay' style='opacity: 0.2; '><\/div><div class='container' ><main  role=\"main\" itemprop=\"mainContentOfPage\"  class='template-page content  av-content-small alpha units'><div class='post-entry post-entry-type-page post-entry-1088'><div class='entry-content-wrapper clearfix'>\n<div class='flex_column_table av-equal-height-column-flextable -flextable' ><div class=\"flex_column av_one_full  flex_column_table_cell av-equal-height-column av-align-middle av-zero-column-padding first  avia-builder-el-1  el_before_av_one_half  avia-builder-el-first  \" style='border-radius:0px; '><section class=\"av_textblock_section \"  itemscope=\"itemscope\" itemtype=\"https:\/\/schema.org\/CreativeWork\" ><div class='avia_textblock  av_inherit_color '  style='font-size:32px; color:#ffffff; '  itemprop=\"text\" ><p><img loading=\"lazy\" class=\"aligncenter size-medium wp-image-86\" src=\"https:\/\/lsp.es\/sana-t\/wp-content\/uploads\/2020\/02\/lsp_logo.svg\" alt=\"\" width=\"300\" height=\"300\" srcset=\"https:\/\/lsp.es\/sana-t\/wp-content\/uploads\/\/2020\/02\/lsp_logo.svg 80w, https:\/\/lsp.es\/sana-t\/wp-content\/uploads\/\/2020\/02\/lsp_logo.svg 300w, https:\/\/lsp.es\/sana-t\/wp-content\/uploads\/\/2020\/02\/lsp_logo.svg 1030w, https:\/\/lsp.es\/sana-t\/wp-content\/uploads\/\/2020\/02\/lsp_logo.svg 100w\" sizes=\"(max-width: 300px) 100vw, 300px\" \/><\/p>\n<p class=\"p1\" style=\"text-align: center;\">Laboratorios Serra Pamies quiere contribuir en el avance de la lucha contra el c\u00e1ncer.<br \/>\nPara ello destinar\u00e1 una parte de los beneficios a proyectos de investigaci\u00f3n y de ayuda a estos pacientes. Adem\u00e1s de apoyar y colaborar en eventos organizados por la AECC.<\/p>\n<\/div><\/section><\/div><\/div><!--close column table wrapper. Autoclose: 1 --><div class=\"flex_column av_one_half  flex_column_div av-zero-column-padding first  avia-builder-el-3  el_after_av_one_full  el_before_av_one_half  column-top-margin\" style='border-radius:0px; '><div  class='avia-image-container  av-styling-no-styling    avia-builder-el-4  avia-builder-el-no-sibling  avia-align-center '  itemprop=\"image\" itemscope=\"itemscope\" itemtype=\"https:\/\/schema.org\/ImageObject\"  ><div class='avia-image-container-inner'><div class='avia-image-overlay-wrap'><img class='wp-image-1109 avia-img-lazy-loading-not-1109 avia_image' src=\"https:\/\/lsp.es\/sana-t\/wp-content\/uploads\/2020\/04\/apoyo-social-01.jpg\" alt='' title='apoyo-social-01' height=\"1200\" width=\"1800\"  itemprop=\"thumbnailUrl\" srcset=\"https:\/\/lsp.es\/sana-t\/wp-content\/uploads\/2020\/04\/apoyo-social-01.jpg 1800w, https:\/\/lsp.es\/sana-t\/wp-content\/uploads\/2020\/04\/apoyo-social-01-300x200.jpg 300w, https:\/\/lsp.es\/sana-t\/wp-content\/uploads\/2020\/04\/apoyo-social-01-1030x687.jpg 1030w, https:\/\/lsp.es\/sana-t\/wp-content\/uploads\/2020\/04\/apoyo-social-01-768x512.jpg 768w, https:\/\/lsp.es\/sana-t\/wp-content\/uploads\/2020\/04\/apoyo-social-01-1536x1024.jpg 1536w, https:\/\/lsp.es\/sana-t\/wp-content\/uploads\/2020\/04\/apoyo-social-01-1500x1000.jpg 1500w, https:\/\/lsp.es\/sana-t\/wp-content\/uploads\/2020\/04\/apoyo-social-01-705x470.jpg 705w\" sizes=\"(max-width: 1800px) 100vw, 1800px\" \/><\/div><\/div><\/div><\/div><div class=\"flex_column av_one_half  flex_column_div av-zero-column-padding   avia-builder-el-5  el_after_av_one_half  el_before_av_one_full  column-top-margin\" style='border-radius:0px; '><div  class='avia-image-container  av-styling-no-styling    avia-builder-el-6  avia-builder-el-no-sibling  avia-align-center '  itemprop=\"image\" itemscope=\"itemscope\" itemtype=\"https:\/\/schema.org\/ImageObject\"  ><div class='avia-image-container-inner'><div class='avia-image-overlay-wrap'><img class='wp-image-1110 avia-img-lazy-loading-not-1110 avia_image' src=\"https:\/\/lsp.es\/sana-t\/wp-content\/uploads\/2020\/04\/apoyo-social-02.jpg\" alt='' title='apoyo-social-02' height=\"1200\" width=\"1800\"  itemprop=\"thumbnailUrl\" srcset=\"https:\/\/lsp.es\/sana-t\/wp-content\/uploads\/2020\/04\/apoyo-social-02.jpg 1800w, https:\/\/lsp.es\/sana-t\/wp-content\/uploads\/2020\/04\/apoyo-social-02-300x200.jpg 300w, https:\/\/lsp.es\/sana-t\/wp-content\/uploads\/2020\/04\/apoyo-social-02-1030x687.jpg 1030w, https:\/\/lsp.es\/sana-t\/wp-content\/uploads\/2020\/04\/apoyo-social-02-768x512.jpg 768w, https:\/\/lsp.es\/sana-t\/wp-content\/uploads\/2020\/04\/apoyo-social-02-1536x1024.jpg 1536w, https:\/\/lsp.es\/sana-t\/wp-content\/uploads\/2020\/04\/apoyo-social-02-1500x1000.jpg 1500w, https:\/\/lsp.es\/sana-t\/wp-content\/uploads\/2020\/04\/apoyo-social-02-705x470.jpg 705w\" sizes=\"(max-width: 1800px) 100vw, 1800px\" \/><\/div><\/div><\/div><\/div><div class=\"flex_column av_one_full  flex_column_div av-zero-column-padding first  avia-builder-el-7  el_after_av_one_half  avia-builder-el-last  column-top-margin\" style='border-radius:0px; '><section class=\"av_textblock_section \"  itemscope=\"itemscope\" itemtype=\"https:\/\/schema.org\/CreativeWork\" ><div class='avia_textblock  '   itemprop=\"text\" ><h2 style=\"text-align: center;\"><img loading=\"lazy\" class=\"aligncenter size-full wp-image-117\" src=\"https:\/\/lsp.es\/sana-t\/wp-content\/uploads\/2020\/02\/papiroflexia.svg\" alt=\"\" width=\"200\" height=\"200\" srcset=\"https:\/\/lsp.es\/sana-t\/wp-content\/uploads\/\/2020\/02\/papiroflexia.svg 80w, https:\/\/lsp.es\/sana-t\/wp-content\/uploads\/\/2020\/02\/papiroflexia.svg 300w, https:\/\/lsp.es\/sana-t\/wp-content\/uploads\/\/2020\/02\/papiroflexia.svg 1030w, https:\/\/lsp.es\/sana-t\/wp-content\/uploads\/\/2020\/02\/papiroflexia.svg 100w\" sizes=\"(max-width: 200px) 100vw, 200px\" \/><span style=\"color: #333333;\"><strong style=\"color: #333333;\"><a style=\"color: #333333;\" href=\"https:\/\/www.instagram.com\/reel\/DRcU-F3jJ9X\/?igsh=MXRnYzM5aW4zeDc5bA==\"><img loading=\"lazy\" class=\"aligncenter wp-image-1614 \" src=\"https:\/\/lsp.es\/sana-t\/wp-content\/uploads\/2025\/11\/arrow-right-icon-e1764069974846.png\" alt=\"\" width=\"47\" height=\"47\" srcset=\"https:\/\/lsp.es\/sana-t\/wp-content\/uploads\/2025\/11\/arrow-right-icon-e1764069974846.png 100w, https:\/\/lsp.es\/sana-t\/wp-content\/uploads\/2025\/11\/arrow-right-icon-e1764069974846-80x80.png 80w, https:\/\/lsp.es\/sana-t\/wp-content\/uploads\/2025\/11\/arrow-right-icon-e1764069974846-36x36.png 36w\" sizes=\"(max-width: 47px) 100vw, 47px\" \/><\/a><\/strong><\/span><a style=\"color: #333333;\" href=\"https:\/\/www.instagram.com\/reel\/DRcU-F3jJ9X\/?igsh=MXRnYzM5aW4zeDc5bA==\"><strong>TEST<\/strong><\/a><a style=\"color: #333333;\" href=\"https:\/\/www.instagram.com\/reel\/DRcU-F3jJ9X\/?igsh=MXRnYzM5aW4zeDc5bA==\"><strong>IMONIOS REALES<\/strong><\/a><\/h2>\n<\/div><\/section><\/div><\/div><\/div><\/main><!-- close content main element --><\/div><\/div><\/div><div id='after_section_1'  class='main_color av_default_container_wrap container_wrap sidebar_right' style=' '  ><div class='container' ><div class='template-page content  av-content-small alpha units'><div class='post-entry post-entry-type-page post-entry-1088'><div class='entry-content-wrapper clearfix'>\n","protected":false},"excerpt":{"rendered":"","protected":false},"author":1,"featured_media":0,"parent":0,"menu_order":0,"comment_status":"closed","ping_status":"closed","template":"","meta":[],"_links":{"self":[{"href":"https:\/\/lsp.es\/sana-t\/wp-json\/wp\/v2\/pages\/1088\/"}],"collection":[{"href":"https:\/\/lsp.es\/sana-t\/wp-json\/wp\/v2\/pages\/"}],"about":[{"href":"https:\/\/lsp.es\/sana-t\/wp-json\/wp\/v2\/types\/page\/"}],"author":[{"embeddable":true,"href":"https:\/\/lsp.es\/sana-t\/wp-json\/wp\/v2\/users\/1\/"}],"replies":[{"embeddable":true,"href":"https:\/\/lsp.es\/sana-t\/wp-json\/wp\/v2\/comments\/?post=1088"}],"version-history":[{"count":29,"href":"https:\/\/lsp.es\/sana-t\/wp-json\/wp\/v2\/pages\/1088\/revisions\/"}],"predecessor-version":[{"id":1613,"href":"https:\/\/lsp.es\/sana-t\/wp-json\/wp\/v2\/pages\/1088\/revisions\/1613\/"}],"wp:attachment":[{"href":"https:\/\/lsp.es\/sana-t\/wp-json\/wp\/v2\/media\/?parent=1088"}],"curies":[{"name":"wp","href":"https:\/\/api.w.org\/{rel}","templated":true}]}}