{"id":3958,"date":"2020-04-09T12:46:02","date_gmt":"2020-04-09T10:46:02","guid":{"rendered":"https:\/\/lsp.es\/keravit\/?page_id=3958"},"modified":"2020-04-09T15:52:32","modified_gmt":"2020-04-09T13:52:32","slug":"en","status":"publish","type":"page","link":"https:\/\/lsp.es\/keravit\/en\/","title":{"rendered":"Home"},"content":{"rendered":"<p>[vc_section full_height=\u00bbyes\u00bb background_position=\u00bbcenter center\u00bb el_id=\u00bbfons_portada\u00bb css=\u00bb.vc_custom_1570007499683{padding-top: 140px !important;background-position: center !important;background-repeat: no-repeat !important;background-size: cover !important;}\u00bb][vc_row][vc_column]<div  class=\"wpb_content_element   clearfix\"><style type=\"text\/css\" scoped>#ut_am_69e89175b76b1 { opacity: 1; }<\/style><div id=\"ut_am_wrap_69e89175b76b2\" class=\"ut-image-gallery-image \" style=\"text-align:center;\"><div class=\"ut-animated-image-item ut-image-gallery-item ut-animation-done\"><a class=\"ut-deactivated-link\" href=\"#\"><img title=\"Keravit Logo\" id=\"ut_am_69e89175b76b1\" style=\"\" src=\"https:\/\/lsp.es\/keravit\/wp-content\/uploads\/2019\/10\/Keravit-600-002.png\" width=\"600\" height=\"112\" alt=\"Keravit Logo\"\/><\/a><\/div><\/div><\/div>[\/vc_column][\/vc_row][vc_row css=\u00bb.vc_custom_1570619839669{margin-top: 10px !important;}\u00bb][vc_column width=\u00bb12&#8243;][vc_column_text]<span id=\"bloc_1\">HAIR LOSS AFFECTS BOTH MEN AND WOMEN OVER A CERTAIN AGE<\/span>[\/vc_column_text][vc_column_text]Don\u2019t worry<\/p>\n<p>It\u2019s one of the first signs of stress and ageing[\/vc_column_text][vc_raw_html]JTNDaDElMjBzdHlsZSUzRCUyMmRpc3BsYXklM0Fub25lJTIyJTNFVHJhdGFtaWVudG9zJTIwcGFyYSUyMGxhJTIwc2FsdWQlMjB5JTIwZWwlMjBjdWlkYWRvJTIwZGVsJTIwY2FiZWxsby4lM0MlMkZoMSUzRSUwQSUzQ3NwYW4lMjBzdHlsZSUzRCUyMmRpc3BsYXklM0Fub25lJTIyJTNFVHJhdGFtaWVudG9zJTIwcGFyYSUyMGxhJTIwc2FsdWQlMjB5JTIwZWwlMjBjdWlkYWRvJTIwZGVsJTIwY2FiZWxsby4lM0MlMkZzcGFuJTNF[\/vc_raw_html][\/vc_column][\/vc_row][vc_row css=\u00bb.vc_custom_1563886108033{margin-top: 0px !important;margin-bottom: 0px !important;}\u00bb][vc_column][vc_column_text]<\/p>\n<p style=\"text-align: center;\">Find out why:<\/p>\n<p>[\/vc_column_text][\/vc_column][\/vc_row][vc_row css=\u00bb.vc_custom_1563886113948{margin-top: 0px !important;}\u00bb][vc_column width=\u00bb1\/4&#8243;][\/vc_column][vc_column width=\u00bb1\/4&#8243;]<style type=\"text\/css\" scoped>#bklyn_btn_69e89175b7774 .bklyn-btn { color:#ffffff; }#bklyn_btn_69e89175b7774 .bklyn-btn:hover{ color:#ffffff; background-color:rgba(255, 255, 255, 0.3); }#bklyn_btn_69e89175b7774 .bklyn-btn:focus{ color:#ffffff; background-color:rgba(255, 255, 255, 0.3); }#bklyn_btn_69e89175b7774 .bklyn-btn:active { color:#ffffff; background-color:rgba(255, 255, 255, 0.3); }<\/style><div id=\"bklyn_btn_69e89175b7774\" class=\"bklyn-btn-holder  bklyn-btn-center\"><a title=\"Mujer\"   href=\"https:\/\/lsp.es\/keravit\/en\/woman\/\" target=\"_self\" class=\"bklyn-btn  bklyn-btn-normal\" >Woman<\/a><\/div>[\/vc_column][vc_column width=\u00bb1\/4&#8243;]<style type=\"text\/css\" scoped>#bklyn_btn_69e89175b77af .bklyn-btn { color:#ffffff; }#bklyn_btn_69e89175b77af .bklyn-btn:hover{ color:#ffffff; background-color:rgba(255, 255, 255, 0.3); }#bklyn_btn_69e89175b77af .bklyn-btn:focus{ color:#ffffff; background-color:rgba(255, 255, 255, 0.3); }#bklyn_btn_69e89175b77af .bklyn-btn:active { color:#ffffff; background-color:rgba(255, 255, 255, 0.3); }<\/style><div id=\"bklyn_btn_69e89175b77af\" class=\"bklyn-btn-holder  bklyn-btn-center\"><a title=\"Hombre\"   href=\"https:\/\/lsp.es\/keravit\/en\/man\/\" target=\"_self\" class=\"bklyn-btn  bklyn-btn-normal\" >Man<\/a><\/div>[\/vc_column][vc_column width=\u00bb1\/4&#8243;][\/vc_column][\/vc_row][vc_row][vc_column width=\u00bb1\/5&#8243;][\/vc_column][vc_column width=\u00bb1\/5&#8243;][\/vc_column][vc_column width=\u00bb1\/5&#8243;]<style type=\"text\/css\" scoped>#bklyn_btn_69e89175b77d5 .bklyn-btn { color:#ffffff; }#bklyn_btn_69e89175b77d5 .bklyn-btn:hover{ color:#ffffff; }#bklyn_btn_69e89175b77d5 .bklyn-btn:focus{ color:#ffffff; }#bklyn_btn_69e89175b77d5 .bklyn-btn:active { color:#ffffff; }<\/style><div id=\"bklyn_btn_69e89175b77d5\" class=\"bklyn-btn-holder  bklyn-btn-center\"><a title=\"Espa\u00f1ol\"   href=\"\/keravit\/\" target=\"_self\" class=\"bklyn-btn  bklyn-btn-normal\" >Espa\u00f1ol<\/a><\/div>[\/vc_column][vc_column width=\u00bb1\/5&#8243;][\/vc_column][vc_column width=\u00bb1\/5&#8243;][\/vc_column][\/vc_row][\/vc_section]<\/p>\n","protected":false},"excerpt":{"rendered":"<p>[vc_section full_height=\u00bbyes\u00bb background_position=\u00bbcenter center\u00bb el_id=\u00bbfons_portada\u00bb css=\u00bb.vc_custom_1570007499683{padding-top: 140px !important;background-position: center !important;background-repeat: no-repeat !important;background-size: cover !important;}\u00bb][vc_row][vc_column][\/vc_column][\/vc_row][vc_row css=\u00bb.vc_custom_1570619839669{margin-top: 10px !important;}\u00bb][vc_column width=\u00bb12&#8243;][vc_column_text]HAIR LOSS AFFECTS BOTH MEN AND WOMEN OVER A CERTAIN AGE[\/vc_column_text][vc_column_text]Don\u2019t worry It\u2019s one of the first signs of stress and ageing[\/vc_column_text][vc_raw_html]JTNDaDElMjBzdHlsZSUzRCUyMmRpc3BsYXklM0Fub25lJTIyJTNFVHJhdGFtaWVudG9zJTIwcGFyYSUyMGxhJTIwc2FsdWQlMjB5JTIwZWwlMjBjdWlkYWRvJTIwZGVsJTIwY2FiZWxsby4lM0MlMkZoMSUzRSUwQSUzQ3NwYW4lMjBzdHlsZSUzRCUyMmRpc3BsYXklM0Fub25lJTIyJTNFVHJhdGFtaWVudG9zJTIwcGFyYSUyMGxhJTIwc2FsdWQlMjB5JTIwZWwlMjBjdWlkYWRvJTIwZGVsJTIwY2FiZWxsby4lM0MlMkZzcGFuJTNF[\/vc_raw_html][\/vc_column][\/vc_row][vc_row css=\u00bb.vc_custom_1563886108033{margin-top: 0px !important;margin-bottom: 0px !important;}\u00bb][vc_column][vc_column_text] Find out why: [\/vc_column_text][\/vc_column][\/vc_row][vc_row css=\u00bb.vc_custom_1563886113948{margin-top: 0px !important;}\u00bb][vc_column width=\u00bb1\/4&#8243;][\/vc_column][vc_column width=\u00bb1\/4&#8243;][\/vc_column][vc_column width=\u00bb1\/4&#8243;][\/vc_column][vc_column width=\u00bb1\/4&#8243;][\/vc_column][\/vc_row][vc_row][vc_column [&hellip;]<\/p>\n","protected":false},"author":1,"featured_media":0,"parent":0,"menu_order":0,"comment_status":"closed","ping_status":"closed","template":"","meta":[],"yoast_head":"<!-- This site is optimized with the Yoast SEO plugin v16.4 - https:\/\/yoast.com\/wordpress\/plugins\/seo\/ -->\n<title>Keravit - Tratamientos para la salud y el cuidado del cabello<\/title>\n<meta name=\"description\" content=\"La ca\u00edda del cabello afecta tanto a hombres como a mujeres a partir de cierta edad Es uno de los primeros s\u00edntomas del estr\u00e9s y del paso del tiempo.\" \/>\n<meta name=\"robots\" content=\"index, follow, max-snippet:-1, max-image-preview:large, max-video-preview:-1\" \/>\n<link rel=\"canonical\" href=\"https:\/\/lsp.es\/keravit\/en\/\" \/>\n<meta property=\"og:locale\" content=\"es_ES\" \/>\n<meta property=\"og:type\" content=\"article\" \/>\n<meta property=\"og:title\" content=\"Keravit - Tratamientos para la salud y el cuidado del cabello\" \/>\n<meta property=\"og:description\" content=\"La ca\u00edda del cabello afecta tanto a hombres como a mujeres a partir de cierta edad Es uno de los primeros s\u00edntomas del estr\u00e9s y del paso del tiempo.\" \/>\n<meta property=\"og:url\" content=\"https:\/\/lsp.es\/keravit\/en\/\" \/>\n<meta property=\"og:site_name\" content=\"Keravit\" \/>\n<meta property=\"article:modified_time\" content=\"2020-04-09T13:52:32+00:00\" \/>\n<meta name=\"twitter:card\" content=\"summary_large_image\" \/>\n<meta name=\"twitter:label1\" content=\"Tiempo de lectura\" \/>\n\t<meta name=\"twitter:data1\" content=\"1 minuto\" \/>\n<script type=\"application\/ld+json\" class=\"yoast-schema-graph\">{\"@context\":\"https:\/\/schema.org\",\"@graph\":[{\"@type\":\"Organization\",\"@id\":\"https:\/\/lsp.es\/keravit\/#organization\",\"name\":\"Keravit\",\"url\":\"https:\/\/lsp.es\/keravit\/\",\"sameAs\":[],\"logo\":{\"@type\":\"ImageObject\",\"@id\":\"https:\/\/lsp.es\/keravit\/#logo\",\"inLanguage\":\"es\",\"url\":\"https:\/\/lsp.es\/keravit\/wp-content\/uploads\/2019\/09\/Keravit-400-2.png\",\"contentUrl\":\"https:\/\/lsp.es\/keravit\/wp-content\/uploads\/2019\/09\/Keravit-400-2.png\",\"width\":400,\"height\":89,\"caption\":\"Keravit\"},\"image\":{\"@id\":\"https:\/\/lsp.es\/keravit\/#logo\"}},{\"@type\":\"WebSite\",\"@id\":\"https:\/\/lsp.es\/keravit\/#website\",\"url\":\"https:\/\/lsp.es\/keravit\/\",\"name\":\"Keravit\",\"description\":\"Tratamientos para la salud y el cuidado del cabello.\",\"publisher\":{\"@id\":\"https:\/\/lsp.es\/keravit\/#organization\"},\"potentialAction\":[{\"@type\":\"SearchAction\",\"target\":\"https:\/\/lsp.es\/keravit\/?s={search_term_string}\",\"query-input\":\"required name=search_term_string\"}],\"inLanguage\":\"es\"},{\"@type\":\"WebPage\",\"@id\":\"https:\/\/lsp.es\/keravit\/en\/#webpage\",\"url\":\"https:\/\/lsp.es\/keravit\/en\/\",\"name\":\"Keravit - Tratamientos para la salud y el cuidado del cabello\",\"isPartOf\":{\"@id\":\"https:\/\/lsp.es\/keravit\/#website\"},\"datePublished\":\"2020-04-09T10:46:02+00:00\",\"dateModified\":\"2020-04-09T13:52:32+00:00\",\"description\":\"La ca\\u00edda del cabello afecta tanto a hombres como a mujeres a partir de cierta edad Es uno de los primeros s\\u00edntomas del estr\\u00e9s y del paso del tiempo.\",\"breadcrumb\":{\"@id\":\"https:\/\/lsp.es\/keravit\/en\/#breadcrumb\"},\"inLanguage\":\"es\",\"potentialAction\":[{\"@type\":\"ReadAction\",\"target\":[\"https:\/\/lsp.es\/keravit\/en\/\"]}]},{\"@type\":\"BreadcrumbList\",\"@id\":\"https:\/\/lsp.es\/keravit\/en\/#breadcrumb\",\"itemListElement\":[{\"@type\":\"ListItem\",\"position\":1,\"item\":{\"@type\":\"WebPage\",\"@id\":\"https:\/\/lsp.es\/keravit\/\",\"url\":\"https:\/\/lsp.es\/keravit\/\",\"name\":\"Inici\"}},{\"@type\":\"ListItem\",\"position\":2,\"item\":{\"@id\":\"https:\/\/lsp.es\/keravit\/en\/#webpage\"}}]}]}<\/script>\n<!-- \/ Yoast SEO plugin. -->","_links":{"self":[{"href":"https:\/\/lsp.es\/keravit\/wp-json\/wp\/v2\/pages\/3958"}],"collection":[{"href":"https:\/\/lsp.es\/keravit\/wp-json\/wp\/v2\/pages"}],"about":[{"href":"https:\/\/lsp.es\/keravit\/wp-json\/wp\/v2\/types\/page"}],"author":[{"embeddable":true,"href":"https:\/\/lsp.es\/keravit\/wp-json\/wp\/v2\/users\/1"}],"replies":[{"embeddable":true,"href":"https:\/\/lsp.es\/keravit\/wp-json\/wp\/v2\/comments?post=3958"}],"version-history":[{"count":7,"href":"https:\/\/lsp.es\/keravit\/wp-json\/wp\/v2\/pages\/3958\/revisions"}],"predecessor-version":[{"id":4023,"href":"https:\/\/lsp.es\/keravit\/wp-json\/wp\/v2\/pages\/3958\/revisions\/4023"}],"wp:attachment":[{"href":"https:\/\/lsp.es\/keravit\/wp-json\/wp\/v2\/media?parent=3958"}],"curies":[{"name":"wp","href":"https:\/\/api.w.org\/{rel}","templated":true}]}}