{"id":3497,"date":"2019-07-23T11:50:37","date_gmt":"2019-07-23T09:50:37","guid":{"rendered":"https:\/\/lsp.es\/keravit\/?page_id=3497"},"modified":"2024-05-21T13:13:43","modified_gmt":"2024-05-21T11:13:43","slug":"orales","status":"publish","type":"page","link":"https:\/\/lsp.es\/keravit\/tratamientos\/orales\/","title":{"rendered":"Tratamientos orales capilares"},"content":{"rendered":"<p>[vc_section el_id=\u00bbcap\u00bb][vc_row][vc_column][vc_column_text]<\/p>\n<h2 class=\"section-title custom_h2_header\" style=\"font-size: 40px;\">Tratamientos orales capilares<\/h2>\n<hr \/>\n<p>[\/vc_column_text][\/vc_column][\/vc_row][vc_section el_class=\u00bbprods\u00bb][\/vc_section][vc_row][vc_column]<div class=\"wpb_content_element \"><style type=\"text\/css\" scoped>#ut_header_6a008134a7e69 h2 span { color:; }<\/style><header id=\"ut_header_6a008134a7e69\" class=\"section-header pt-style-6 header-center\"><h2  class=\"section-title \"><span>KeraVit<sup>\u00ae<\/sup> C\u00e1psulas<\/span><\/h2><\/header><\/div>[vc_row_inner content_placement=\u00bbmiddle\u00bb][vc_column_inner width=\u00bb1\/2&#8243;]<div  class=\"wpb_content_element   clearfix\"><style type=\"text\/css\" scoped>#ut_am_6a008134a8408 { opacity: 1; }<\/style><div id=\"ut_am_wrap_6a008134a8409\" class=\"ut-image-gallery-image \" style=\"text-align:left;\"><div class=\"ut-animated-image-item ut-image-gallery-item ut-animation-done\"><a class=\"ut-deactivated-link\" href=\"#\"><img title=\"KERAVIT_C\u00c1PSULAS\" id=\"ut_am_6a008134a8408\" style=\"\" src=\"https:\/\/lsp.es\/keravit\/wp-content\/uploads\/2024\/05\/KERAVIT_CAPSULAS.png\" width=\"1436\" height=\"1490\" alt=\"\"\/><\/a><\/div><\/div><\/div>[\/vc_column_inner][vc_column_inner width=\u00bb1\/2&#8243;][vc_column_text]<strong>KERAVIT<sup>\u00ae<\/sup> 90 C\u00e1psulas<\/strong> es un complemento alimenticio rico en nutrientes para el mantenimiento del cabello gracias a su f\u00f3rmula exclusiva:<\/p>\n<ul>\n<li><strong>Zinc y Biotina:<\/strong> contribuyen al mantenimiento del cabello en condiciones normales<\/li>\n<li><strong>Vitaminas B2, B3, B5, B6, E y H (Biotina):<\/strong> frenan la ca\u00edda y retardan el deterioro capilar<\/li>\n<li><strong>L-cistina e Hidrolizado de prote\u00ednas de arroz (rico en amino\u00e1cidos esenciales):<\/strong> estimulan la producci\u00f3n de cabello<\/li>\n<li><strong>Hierro, Cobre, Magnesio, Manganeso y Zinc:<\/strong> estimulan el crecimiento y la recuperaci\u00f3n del tejido del cabello<\/li>\n<li><strong>\u00c1cido gamma-Linol\u00e9nico:<\/strong> proporciona fuerza y brillo al cabello<\/li>\n<li>Apto para vegetarianos y veganos<\/li>\n<\/ul>\n<p><strong>DOSIS:<\/strong><\/p>\n<p>3 c\u00e1psulas al d\u00eda, se aconseja tomarlas con agua durante las principales comidas.<\/p>\n<p>Para obtener los mejores resultados, es necesario tomar KERAVIT\u00ae C\u00e1psulas durante un per\u00edodo de al menos 3 meses. Los primeros efectos visibles son notables despu\u00e9s de 6-8 semanas de un uso continuo.[\/vc_column_text][\/vc_column_inner][\/vc_row_inner][\/vc_column][\/vc_row][\/vc_section][vc_row][vc_column][vc_column_text]<\/p>\n<p>&nbsp;<\/p>\n<hr \/>\n<h2><\/h2>\n<h2 class=\"section-title custom_h2_header\" style=\"font-size: 40px;\">Gama completa Antica\u00edda<\/h2>\n<p>&nbsp;<\/p>\n<p><img loading=\"lazy\" class=\"alignnone  wp-image-4042\" src=\"https:\/\/lsp.es\/keravit\/wp-content\/uploads\/2024\/05\/Keravit-BODEGON.png\" alt=\"\" width=\"1043\" height=\"628\" srcset=\"https:\/\/lsp.es\/keravit\/wp-content\/uploads\/2024\/05\/Keravit-BODEGON.png 1165w, https:\/\/lsp.es\/keravit\/wp-content\/uploads\/2024\/05\/Keravit-BODEGON-768x462.png 768w, https:\/\/lsp.es\/keravit\/wp-content\/uploads\/2024\/05\/Keravit-BODEGON-24x14.png 24w, https:\/\/lsp.es\/keravit\/wp-content\/uploads\/2024\/05\/Keravit-BODEGON-36x22.png 36w, https:\/\/lsp.es\/keravit\/wp-content\/uploads\/2024\/05\/Keravit-BODEGON-48x29.png 48w\" sizes=\"(max-width: 1043px) 100vw, 1043px\" \/><\/p>\n","protected":false},"excerpt":{"rendered":"<p>[vc_section el_id=\u00bbcap\u00bb][vc_row][vc_column][vc_column_text] Tratamientos orales capilares [\/vc_column_text][\/vc_column][\/vc_row][vc_section el_class=\u00bbprods\u00bb][\/vc_section][vc_row][vc_column][vc_row_inner content_placement=\u00bbmiddle\u00bb][vc_column_inner width=\u00bb1\/2&#8243;][\/vc_column_inner][vc_column_inner width=\u00bb1\/2&#8243;][vc_column_text]KERAVIT\u00ae 90 C\u00e1psulas es un complemento alimenticio rico en nutrientes para el mantenimiento del cabello gracias a su f\u00f3rmula exclusiva: Zinc y Biotina: contribuyen al mantenimiento del cabello en condiciones normales Vitaminas B2, B3, B5, B6, E y H (Biotina): frenan la ca\u00edda y retardan el [&hellip;]<\/p>\n","protected":false},"author":1,"featured_media":4038,"parent":3493,"menu_order":0,"comment_status":"closed","ping_status":"closed","template":"","meta":[],"yoast_head":"<!-- This site is optimized with the Yoast SEO plugin v16.4 - https:\/\/yoast.com\/wordpress\/plugins\/seo\/ -->\n<title>Tratamientos orales capilares - Keravit<\/title>\n<meta name=\"robots\" content=\"index, follow, max-snippet:-1, max-image-preview:large, max-video-preview:-1\" \/>\n<link rel=\"canonical\" href=\"https:\/\/lsp.es\/keravit\/tratamientos\/orales\/\" \/>\n<meta property=\"og:locale\" content=\"es_ES\" \/>\n<meta property=\"og:type\" content=\"article\" \/>\n<meta property=\"og:title\" content=\"Tratamientos orales capilares - Keravit\" \/>\n<meta property=\"og:description\" content=\"[vc_section el_id=\u00bbcap\u00bb][vc_row][vc_column][vc_column_text] Tratamientos orales capilares [\/vc_column_text][\/vc_column][\/vc_row][vc_section el_class=\u00bbprods\u00bb][\/vc_section][vc_row][vc_column][vc_row_inner content_placement=\u00bbmiddle\u00bb][vc_column_inner width=\u00bb1\/2&#8243;][\/vc_column_inner][vc_column_inner width=\u00bb1\/2&#8243;][vc_column_text]KERAVIT\u00ae 90 C\u00e1psulas es un complemento alimenticio rico en nutrientes para el mantenimiento del cabello gracias a su f\u00f3rmula exclusiva: Zinc y Biotina: contribuyen al mantenimiento del cabello en condiciones normales Vitaminas B2, B3, B5, B6, E y H (Biotina): frenan la ca\u00edda y retardan el [&hellip;]\" \/>\n<meta property=\"og:url\" content=\"https:\/\/lsp.es\/keravit\/tratamientos\/orales\/\" \/>\n<meta property=\"og:site_name\" content=\"Keravit\" \/>\n<meta property=\"article:modified_time\" content=\"2024-05-21T11:13:43+00:00\" \/>\n<meta property=\"og:image\" content=\"https:\/\/lsp.es\/keravit\/wp-content\/uploads\/2024\/05\/KERAVIT_CAPSULAS.png\" \/>\n\t<meta property=\"og:image:width\" content=\"1436\" \/>\n\t<meta property=\"og:image:height\" content=\"1490\" \/>\n<meta name=\"twitter:card\" content=\"summary_large_image\" \/>\n<meta name=\"twitter:label1\" content=\"Tiempo de lectura\" \/>\n\t<meta name=\"twitter:data1\" content=\"1 minuto\" \/>\n<script type=\"application\/ld+json\" class=\"yoast-schema-graph\">{\"@context\":\"https:\/\/schema.org\",\"@graph\":[{\"@type\":\"Organization\",\"@id\":\"https:\/\/lsp.es\/keravit\/#organization\",\"name\":\"Keravit\",\"url\":\"https:\/\/lsp.es\/keravit\/\",\"sameAs\":[],\"logo\":{\"@type\":\"ImageObject\",\"@id\":\"https:\/\/lsp.es\/keravit\/#logo\",\"inLanguage\":\"es\",\"url\":\"https:\/\/lsp.es\/keravit\/wp-content\/uploads\/2019\/09\/Keravit-400-2.png\",\"contentUrl\":\"https:\/\/lsp.es\/keravit\/wp-content\/uploads\/2019\/09\/Keravit-400-2.png\",\"width\":400,\"height\":89,\"caption\":\"Keravit\"},\"image\":{\"@id\":\"https:\/\/lsp.es\/keravit\/#logo\"}},{\"@type\":\"WebSite\",\"@id\":\"https:\/\/lsp.es\/keravit\/#website\",\"url\":\"https:\/\/lsp.es\/keravit\/\",\"name\":\"Keravit\",\"description\":\"Tratamientos para la salud y el cuidado del cabello.\",\"publisher\":{\"@id\":\"https:\/\/lsp.es\/keravit\/#organization\"},\"potentialAction\":[{\"@type\":\"SearchAction\",\"target\":\"https:\/\/lsp.es\/keravit\/?s={search_term_string}\",\"query-input\":\"required name=search_term_string\"}],\"inLanguage\":\"es\"},{\"@type\":\"ImageObject\",\"@id\":\"https:\/\/lsp.es\/keravit\/tratamientos\/orales\/#primaryimage\",\"inLanguage\":\"es\",\"url\":\"https:\/\/lsp.es\/keravit\/wp-content\/uploads\/2024\/05\/KERAVIT_CAPSULAS.png\",\"contentUrl\":\"https:\/\/lsp.es\/keravit\/wp-content\/uploads\/2024\/05\/KERAVIT_CAPSULAS.png\",\"width\":1436,\"height\":1490},{\"@type\":\"WebPage\",\"@id\":\"https:\/\/lsp.es\/keravit\/tratamientos\/orales\/#webpage\",\"url\":\"https:\/\/lsp.es\/keravit\/tratamientos\/orales\/\",\"name\":\"Tratamientos orales capilares - Keravit\",\"isPartOf\":{\"@id\":\"https:\/\/lsp.es\/keravit\/#website\"},\"primaryImageOfPage\":{\"@id\":\"https:\/\/lsp.es\/keravit\/tratamientos\/orales\/#primaryimage\"},\"datePublished\":\"2019-07-23T09:50:37+00:00\",\"dateModified\":\"2024-05-21T11:13:43+00:00\",\"breadcrumb\":{\"@id\":\"https:\/\/lsp.es\/keravit\/tratamientos\/orales\/#breadcrumb\"},\"inLanguage\":\"es\",\"potentialAction\":[{\"@type\":\"ReadAction\",\"target\":[\"https:\/\/lsp.es\/keravit\/tratamientos\/orales\/\"]}]},{\"@type\":\"BreadcrumbList\",\"@id\":\"https:\/\/lsp.es\/keravit\/tratamientos\/orales\/#breadcrumb\",\"itemListElement\":[{\"@type\":\"ListItem\",\"position\":1,\"item\":{\"@type\":\"WebPage\",\"@id\":\"https:\/\/lsp.es\/keravit\/\",\"url\":\"https:\/\/lsp.es\/keravit\/\",\"name\":\"Inici\"}},{\"@type\":\"ListItem\",\"position\":2,\"item\":{\"@type\":\"WebPage\",\"@id\":\"https:\/\/lsp.es\/keravit\/tratamientos\/\",\"url\":\"https:\/\/lsp.es\/keravit\/tratamientos\/\",\"name\":\"Tratamientos\"}},{\"@type\":\"ListItem\",\"position\":3,\"item\":{\"@id\":\"https:\/\/lsp.es\/keravit\/tratamientos\/orales\/#webpage\"}}]}]}<\/script>\n<!-- \/ Yoast SEO plugin. -->","_links":{"self":[{"href":"https:\/\/lsp.es\/keravit\/wp-json\/wp\/v2\/pages\/3497"}],"collection":[{"href":"https:\/\/lsp.es\/keravit\/wp-json\/wp\/v2\/pages"}],"about":[{"href":"https:\/\/lsp.es\/keravit\/wp-json\/wp\/v2\/types\/page"}],"author":[{"embeddable":true,"href":"https:\/\/lsp.es\/keravit\/wp-json\/wp\/v2\/users\/1"}],"replies":[{"embeddable":true,"href":"https:\/\/lsp.es\/keravit\/wp-json\/wp\/v2\/comments?post=3497"}],"version-history":[{"count":35,"href":"https:\/\/lsp.es\/keravit\/wp-json\/wp\/v2\/pages\/3497\/revisions"}],"predecessor-version":[{"id":4045,"href":"https:\/\/lsp.es\/keravit\/wp-json\/wp\/v2\/pages\/3497\/revisions\/4045"}],"up":[{"embeddable":true,"href":"https:\/\/lsp.es\/keravit\/wp-json\/wp\/v2\/pages\/3493"}],"wp:featuredmedia":[{"embeddable":true,"href":"https:\/\/lsp.es\/keravit\/wp-json\/wp\/v2\/media\/4038"}],"wp:attachment":[{"href":"https:\/\/lsp.es\/keravit\/wp-json\/wp\/v2\/media?parent=3497"}],"curies":[{"name":"wp","href":"https:\/\/api.w.org\/{rel}","templated":true}]}}