{"id":3495,"date":"2019-07-23T11:50:12","date_gmt":"2019-07-23T09:50:12","guid":{"rendered":"https:\/\/lsp.es\/keravit\/?page_id=3495"},"modified":"2022-05-17T15:37:13","modified_gmt":"2022-05-17T13:37:13","slug":"topicos","status":"publish","type":"page","link":"https:\/\/lsp.es\/keravit\/tratamientos\/topicos\/","title":{"rendered":"Tratamientos t\u00f3picos capilares"},"content":{"rendered":"<p>[vc_section el_id=\u00bbcap\u00bb][vc_row][vc_column][vc_column_text]<\/p>\n<h2 class=\"section-title custom_h2_header\" style=\"font-size: 40px;\">Tratamientos t\u00f3picos capilares<\/h2>\n<p>[\/vc_column_text][\/vc_column][\/vc_row][\/vc_section][vc_row][vc_column][vc_column_text]<br \/>\n[\/vc_column_text][\/vc_column][\/vc_row][vc_section el_class=\u00bbprods\u00bb][vc_row][vc_column]<div class=\"wpb_content_element \"><style type=\"text\/css\" scoped>#ut_header_69e8930627efd h2 span { color:; }<\/style><header id=\"ut_header_69e8930627efd\" class=\"section-header pt-style-6 header-center\"><h2  class=\"section-title \"><span>KeraVit<sup>\u00ae<\/sup> Champ\u00fa antica\u00edda<\/span><\/h2><\/header><\/div>[vc_row_inner content_placement=\u00bbmiddle\u00bb][vc_column_inner width=\u00bb1\/2&#8243;]<div  class=\"wpb_content_element   clearfix\"><style type=\"text\/css\" scoped>#ut_am_69e89306292b2 { opacity: 1; }<\/style><div id=\"ut_am_wrap_69e89306292b3\" class=\"ut-image-gallery-image \" style=\"text-align:left;\"><div class=\"ut-animated-image-item ut-image-gallery-item ut-animation-done\"><a class=\"ut-deactivated-link\" href=\"#\"><img title=\"Keravit_Champu_Anticaida_004-560\" id=\"ut_am_69e89306292b2\" style=\"\" src=\"https:\/\/lsp.es\/keravit\/wp-content\/uploads\/2019\/10\/Keravit_Champu_Anticaida_004-560.jpg\" width=\"560\" height=\"687\" alt=\"Keravit Champu Anticaida\"\/><\/a><\/div><\/div><\/div>[\/vc_column_inner][vc_column_inner width=\u00bb1\/2&#8243;][vc_column_text]<\/p>\n<p style=\"margin-bottom: 10px;\"><big><b style=\"font-size: 16pt;\">NUEVA F\u00d3RMULA CON PH5<\/b><\/big><\/p>\n<p style=\"margin-bottom: 10px;\"><big><b style=\"font-size: 16pt;\">SIN PARABENOS, SIN SULFATOS, SIN SILICONAS<\/b><\/big><\/p>\n<p style=\"margin-bottom: 10px;\"><big><b style=\"font-size: 16pt;\">SYNDET (sin jab\u00f3n)<\/b><\/big><\/p>\n<p>&nbsp;<\/p>\n<p>&nbsp;<\/p>\n<p><strong>KERAVIT<sup>\u00ae<\/sup> Champ\u00fa Antica\u00edda con Pro-Anagex\u00ae<\/strong>, ayuda a prevenir y frenar la ca\u00edda del cabello, as\u00ed como aumenta la densidad capilar y ralentiza el envejecimiento del cabello.<\/p>\n<p>KERAVIT<sup>\u00ae<\/sup> Champ\u00fa Antica\u00edda proporciona un efecto revitalizante gracias al complejo multivitam\u00ednico de origen vegetal. Tiene efecto reparador sobre cabellos fr\u00e1giles y\/o da\u00f1ados gracias al aporte de queratina y biotina.<\/p>\n<p>KERAVIT<sup>\u00ae<\/sup> Champ\u00fa Antica\u00edda tambi\u00e9n est\u00e1 enriquecido con \u00e1cido hialur\u00f3nico y beta\u00edna, una asociaci\u00f3n de componentes que hidratan en profundidad el cabello.<\/p>\n<p>La nueva f\u00f3rmula de KERAVIT\u00ae Champ\u00fa Antica\u00edda es <strong>altamente respetuosa y suave con el cabello<\/strong>.<\/p>\n<p>[\/vc_column_text][\/vc_column_inner][\/vc_row_inner][\/vc_column][\/vc_row][\/vc_section][vc_row][vc_column][vc_column_text]<\/p>\n<hr \/>\n<p>[\/vc_column_text][\/vc_column][\/vc_row][vc_section el_class=\u00bbprods\u00bb][vc_row][vc_column]<div class=\"wpb_content_element \"><style type=\"text\/css\" scoped>#ut_header_69e8930629432 h2 span { color:; }<\/style><header id=\"ut_header_69e8930629432\" class=\"section-header pt-style-6 header-center\"><h2  class=\"section-title \"><span>KeraVit<sup>\u00ae<\/sup> Champ\u00fa Antiseborrea<\/span><\/h2><\/header><\/div>[vc_row_inner content_placement=\u00bbmiddle\u00bb][vc_column_inner width=\u00bb1\/2&#8243;]<div  class=\"wpb_content_element   clearfix\"><style type=\"text\/css\" scoped>#ut_am_69e8930629e20 { opacity: 1; }<\/style><div id=\"ut_am_wrap_69e8930629e21\" class=\"ut-image-gallery-image \" style=\"text-align:left;\"><div class=\"ut-animated-image-item ut-image-gallery-item ut-animation-done\"><a class=\"ut-deactivated-link\" href=\"#\"><img title=\"Keravit_Champu_Antiseborrea_004-560\" id=\"ut_am_69e8930629e20\" style=\"\" src=\"https:\/\/lsp.es\/keravit\/wp-content\/uploads\/2019\/10\/Keravit_Champu_Antiseborrea_004-560.jpg\" width=\"560\" height=\"687\" alt=\"Keravit Champu Antiseborrea\"\/><\/a><\/div><\/div><\/div>[\/vc_column_inner][vc_column_inner width=\u00bb1\/2&#8243;][vc_column_text]<br \/>\n<strong>KERAVIT<sup>\u00ae<\/sup> Champ\u00fa Antiseborrea <\/strong>ha sido especialmente formulado para el tratamiento de la seborrea y sus consecuencias como por ejemplo la descamaci\u00f3n y el prurito.<\/p>\n<p>La acci\u00f3n de KERAVIT<sup>\u00ae<\/sup> Champ\u00fa ATSE Antiseborrea se basa en devolver el equilibrio al cuero cabelludo, mediante la regulaci\u00f3n de la secreci\u00f3n seb\u00e1cea, y al mismo tiempo, limpiar y eliminar con suavidad el exceso de grasa.<\/p>\n<p>KERAVIT<sup>\u00ae<\/sup> Champ\u00fa ATSE Antiseborrea contiene:<\/p>\n<ul>\n<li><strong>Extracto de Ortiga blanca<\/strong>, con propiedades astringentes para regular la secreci\u00f3n seb\u00e1cea<\/li>\n<li><strong>Hamamelis Virginiana<\/strong>, que act\u00faa como astringente y acondicionador capilar<\/li>\n<li><strong>Extracto de Mijo<\/strong>, que aporta hidrataci\u00f3n y protecci\u00f3n.<\/li>\n<\/ul>\n<p>[\/vc_column_text][\/vc_column_inner][\/vc_row_inner][\/vc_column][\/vc_row][\/vc_section][vc_row][vc_column][vc_column_text]<\/p>\n<hr \/>\n<p>[\/vc_column_text][\/vc_column][\/vc_row][vc_section el_class=\u00bbprods\u00bb][vc_row][vc_column]<div class=\"wpb_content_element \"><style type=\"text\/css\" scoped>#ut_header_69e8930629f49 h2 span { color:; }<\/style><header id=\"ut_header_69e8930629f49\" class=\"section-header pt-style-6 header-center\"><h2  class=\"section-title \"><span>KeraVit<sup>\u00ae<\/sup> Champ\u00fa Estados Descamativos<\/span><\/h2><\/header><\/div>[vc_row_inner content_placement=\u00bbmiddle\u00bb][vc_column_inner width=\u00bb1\/2&#8243;]<div  class=\"wpb_content_element   clearfix\"><style type=\"text\/css\" scoped>#ut_am_69e893062ab17 { opacity: 1; }<\/style><div id=\"ut_am_wrap_69e893062ab18\" class=\"ut-image-gallery-image \" style=\"text-align:left;\"><div class=\"ut-animated-image-item ut-image-gallery-item ut-animation-done\"><a class=\"ut-deactivated-link\" href=\"#\"><img title=\"Keravit_Champu_Estados_Descamativos_004-560\" id=\"ut_am_69e893062ab17\" style=\"\" src=\"https:\/\/lsp.es\/keravit\/wp-content\/uploads\/2019\/10\/Keravit_Champu_Estados_Descamativos_004-560.jpg\" width=\"560\" height=\"687\" alt=\"Keravit Champu Estados Descamativos\"\/><\/a><\/div><\/div><\/div>[\/vc_column_inner][vc_column_inner width=\u00bb1\/2&#8243;][vc_column_text]<br \/>\n<strong>KERAVIT<sup>\u00ae<\/sup> Champ\u00fa Estados Descamativos<\/strong> ha sido especialmente formulado para tratar eficazmente tanto la caspa como la seborrea.<\/p>\n<p>Su innovadora f\u00f3rmula permite resolver de forma eficaz el problema de la descamaci\u00f3n.<\/p>\n<p>KERAVIT<sup>\u00ae<\/sup> Champ\u00fa DSC Estados Descamativos contiene:<\/p>\n<ul>\n<li><strong>Pirectone Olamine<\/strong>, un eficaz agente anticaspa que elimina la caspa y previene su reaparici\u00f3n.<\/li>\n<li><strong>Vitamina B5<\/strong>, que aporta vigor al Cabello.<\/li>\n<li><strong>Extracto de Mijo<\/strong>, que aporta hidrataci\u00f3n y protecci\u00f3n.<\/li>\n<\/ul>\n<p>[\/vc_column_text][\/vc_column_inner][\/vc_row_inner][\/vc_column][\/vc_row][\/vc_section][vc_row][vc_column][vc_column_text]<\/p>\n<hr \/>\n<p>[\/vc_column_text][\/vc_column][\/vc_row][vc_section el_class=\u00bbprods\u00bb][vc_row][vc_column]<div class=\"wpb_content_element \"><style type=\"text\/css\" scoped>#ut_header_69e893062ac3c h2 span { color:; }<\/style><header id=\"ut_header_69e893062ac3c\" class=\"section-header pt-style-6 header-center\"><h2  class=\"section-title \"><span>KeraVit<sup>\u00ae<\/sup> Loci\u00f3n<\/span><\/h2><\/header><\/div>[vc_row_inner content_placement=\u00bbmiddle\u00bb][vc_column_inner width=\u00bb1\/2&#8243;]<div  class=\"wpb_content_element   clearfix\"><style type=\"text\/css\" scoped>#ut_am_69e893062bcb0 { opacity: 1; }<\/style><div id=\"ut_am_wrap_69e893062bcb1\" class=\"ut-image-gallery-image \" style=\"text-align:left;\"><div class=\"ut-animated-image-item ut-image-gallery-item ut-animation-done\"><a class=\"ut-deactivated-link\" href=\"#\"><img title=\"Keravit_Locion_Anticaida_125ml-1000\" id=\"ut_am_69e893062bcb0\" style=\"\" src=\"https:\/\/lsp.es\/keravit\/wp-content\/uploads\/2019\/07\/Keravit_Locion_Anticaida_125ml-1000.jpg\" width=\"1000\" height=\"1273\" alt=\"Keravit Locion Anticaida ml\"\/><\/a><\/div><\/div><\/div>[\/vc_column_inner][vc_column_inner width=\u00bb1\/2&#8243;][vc_column_text]<br \/>\n<strong>KERAVIT<sup>\u00ae<\/sup> Loci\u00f3n<\/strong> es una eficaz soluci\u00f3n contra la ca\u00edda del cabello que proporciona un triple efecto:<\/p>\n<ul id=\"llistat_strong\">\n<li><strong>Frena la ca\u00edda<\/strong><\/li>\n<li><strong>Aumenta el volumen del cabello<\/strong><\/li>\n<li><strong>Acelera el crecimiento de cabello nuevo<\/strong><\/li>\n<\/ul>\n<p>La f\u00f3rmula de KERAVIT<sup>\u00ae<\/sup> Loci\u00f3n contiene:<\/p>\n<ul>\n<li><strong>Pro-Anagex\u00ae<\/strong>: activo exclusivo que frena la ca\u00edda del cabello y estimula el crecimiento de nuevos cabellos<\/li>\n<li><strong>Vitamina B3<\/strong>: Estimula el crecimiento del cabello<\/li>\n<li><strong>Vitamina B5<\/strong>: Mantiene el nivel de humedad en el cabello<\/li>\n<li><strong>Vitamina B6<\/strong>: Frena la ca\u00edda y retarda el deterioro capilar<\/li>\n<li><strong>Vitamina C<\/strong>: Antioxidante, protege de los radicales libres<\/li>\n<li><strong>Vitamina E<\/strong>: Proporciona efectos hidratantes, revitalizantes y protege de las puntas abiertas y al cabello quebradizo.<\/li>\n<\/ul>\n<p>[\/vc_column_text][\/vc_column_inner][\/vc_row_inner][\/vc_column][\/vc_row][\/vc_section][vc_row][vc_column][vc_column_text]<\/p>\n<hr \/>\n<p>[\/vc_column_text][\/vc_column][\/vc_row][vc_section el_class=\u00bbprods\u00bb][vc_row][vc_column]<div class=\"wpb_content_element \"><style type=\"text\/css\" scoped>#ut_header_69e893062bdb2 h2 span { color:; }<\/style><header id=\"ut_header_69e893062bdb2\" class=\"section-header pt-style-6 header-center\"><h2  class=\"section-title \"><span>KeraVit<sup>\u00ae<\/sup> Ampollas<\/span><\/h2><\/header><\/div>[vc_row_inner content_placement=\u00bbmiddle\u00bb][vc_column_inner width=\u00bb1\/2&#8243;]<div  class=\"wpb_content_element   clearfix\"><style type=\"text\/css\" scoped>#ut_am_69e893062d17d { opacity: 1; }<\/style><div id=\"ut_am_wrap_69e893062d17e\" class=\"ut-image-gallery-image \" style=\"text-align:left;\"><div class=\"ut-animated-image-item ut-image-gallery-item ut-animation-done\"><a class=\"ut-deactivated-link\" href=\"#\"><img title=\"KERAVIT_AMPOLLAS\" id=\"ut_am_69e893062d17d\" style=\"\" src=\"https:\/\/lsp.es\/keravit\/wp-content\/uploads\/2022\/05\/KERAVIT_AMPOLLAS.jpg\" width=\"1300\" height=\"1600\" alt=\"\"\/><\/a><\/div><\/div><\/div><div  class=\"wpb_content_element   clearfix\"><style type=\"text\/css\" scoped>#ut_am_69e893062d9b1 { opacity: 1; }<\/style><div id=\"ut_am_wrap_69e893062d9b2\" class=\"ut-image-gallery-image \" style=\"text-align:left;\"><div class=\"ut-animated-image-item ut-image-gallery-item ut-animation-done\"><a class=\"ut-deactivated-link\" href=\"#\"><img title=\"KERAVIT_AMPOLLAS.PT03\" id=\"ut_am_69e893062d9b1\" style=\"\" src=\"https:\/\/lsp.es\/keravit\/wp-content\/uploads\/2022\/05\/KERAVIT_AMPOLLAS.PT03.jpg\" width=\"1300\" height=\"1600\" alt=\"\"\/><\/a><\/div><\/div><\/div>[\/vc_column_inner][vc_column_inner width=\u00bb1\/2&#8243;][vc_column_text]<br \/>\n<strong>KERAVIT<sup>\u00ae<\/sup> Ampollas<\/strong> es un tratamiento t\u00f3pico antica\u00edda con un complejo multivitam\u00ednico y PRO-ANAGEX\u00ae, revitalizante capilar de eficacia demostrada cl\u00ednicamente.<\/p>\n<p>KERAVIT<sup>\u00ae<\/sup> Ampollas:<\/p>\n<ul>\n<li><strong>Frena<\/strong> la ca\u00edda del cabello<\/li>\n<li><strong>Mejora<\/strong> la fijaci\u00f3n de la ra\u00edz<\/li>\n<li><strong>Aporta<\/strong> volumen y vigor al cabello<\/li>\n<li><strong>Acelera<\/strong> el crecimiento de cabello nuevo<\/li>\n<\/ul>\n<p>KERAVIT<sup>\u00ae<\/sup> Ampollas contiene:<\/p>\n<ul>\n<li><strong>PRO-ANAGEX\u00ae<\/strong> \u201c<em>HYDROLYZED LUPINE PROTEIN<\/em>\u201d\n<ul>\n<li>Inhibe la actividad de 5\u03b1-reductasa II<\/li>\n<li>Aumenta la s\u00edntesis de VEGF (factor de crecimiento vascular endotelial) con el fin de facilitar el suministro de nutrientes esenciales para la actividad de las c\u00e9lulas en la fase an\u00e1gena.<\/li>\n<li>Proporciona p\u00e9ptidos y oligoelementos (esencialmente zinc y hierro) que estimulan la actividad metab\u00f3lica de las c\u00e9lulas del bulbo piloso y aumenta la diferenciaci\u00f3n de los queratinocitos favoreciendo el crecimiento del cabello.\n<ul>\n<li><strong>Complejo multivitam\u00ednico, complejo multimineral y complejo de soja<\/strong><\/li>\n<li><strong>Extracto de Bardana<\/strong><\/li>\n<li><strong>Extracto de Ginseng<\/strong><\/li>\n<li><strong>Hidroqueratina<\/strong><\/li>\n<\/ul>\n<\/li>\n<\/ul>\n<\/li>\n<\/ul>\n<p>\u2714 <strong>F\u00e1cil<\/strong> aplicaci\u00f3n<br \/>\n\u2714 <strong>R\u00e1pida<\/strong> absorci\u00f3n<br \/>\n\u2714 <strong>Suave<\/strong> textura<br \/>\n\u2714 <strong>Agradable<\/strong> olor<\/p>\n<p><strong>Tratamiento de choque:<\/strong> 1 aplicaci\u00f3n diaria durante 6 semanas.<\/p>\n<p><strong>Mantenimiento:<\/strong> 1 aplicaci\u00f3n 3 veces a la semana durante 10 semanas.<\/p>\n<p>[\/vc_column_text][\/vc_column_inner][\/vc_row_inner][\/vc_column][\/vc_row][\/vc_section][vc_row][vc_column][vc_column_text]<\/p>\n<hr \/>\n<p><a class=\"boto_3d\" href=\"\/keravit\/productos\/orales\/\" target=\"_self\" rel=\"noopener noreferrer\"> KERAVIT<sup>\u00ae<\/sup> Tratamientos orales capilares<\/a>[\/vc_column_text][\/vc_column][\/vc_row]<\/p>\n","protected":false},"excerpt":{"rendered":"<p>[vc_section el_id=\u00bbcap\u00bb][vc_row][vc_column][vc_column_text] Tratamientos t\u00f3picos capilares [\/vc_column_text][\/vc_column][\/vc_row][\/vc_section][vc_row][vc_column][vc_column_text] [\/vc_column_text][\/vc_column][\/vc_row][vc_section el_class=\u00bbprods\u00bb][vc_row][vc_column][vc_row_inner content_placement=\u00bbmiddle\u00bb][vc_column_inner width=\u00bb1\/2&#8243;][\/vc_column_inner][vc_column_inner width=\u00bb1\/2&#8243;][vc_column_text] NUEVA F\u00d3RMULA CON PH5 SIN PARABENOS, SIN SULFATOS, SIN SILICONAS SYNDET (sin jab\u00f3n) &nbsp; &nbsp; KERAVIT\u00ae Champ\u00fa Antica\u00edda con Pro-Anagex\u00ae, ayuda a prevenir y frenar la ca\u00edda del cabello, as\u00ed como aumenta la densidad capilar y ralentiza el envejecimiento del cabello. KERAVIT\u00ae Champ\u00fa Antica\u00edda [&hellip;]<\/p>\n","protected":false},"author":1,"featured_media":0,"parent":3493,"menu_order":0,"comment_status":"closed","ping_status":"closed","template":"","meta":[],"yoast_head":"<!-- This site is optimized with the Yoast SEO plugin v16.4 - https:\/\/yoast.com\/wordpress\/plugins\/seo\/ -->\n<title>Tratamientos t\u00f3picos capilares - Keravit<\/title>\n<meta name=\"robots\" content=\"index, follow, max-snippet:-1, max-image-preview:large, max-video-preview:-1\" \/>\n<link rel=\"canonical\" href=\"https:\/\/lsp.es\/keravit\/tratamientos\/topicos\/\" \/>\n<meta property=\"og:locale\" content=\"es_ES\" \/>\n<meta property=\"og:type\" content=\"article\" \/>\n<meta property=\"og:title\" content=\"Tratamientos t\u00f3picos capilares - Keravit\" \/>\n<meta property=\"og:description\" content=\"[vc_section el_id=\u00bbcap\u00bb][vc_row][vc_column][vc_column_text] Tratamientos t\u00f3picos capilares [\/vc_column_text][\/vc_column][\/vc_row][\/vc_section][vc_row][vc_column][vc_column_text] [\/vc_column_text][\/vc_column][\/vc_row][vc_section el_class=\u00bbprods\u00bb][vc_row][vc_column][vc_row_inner content_placement=\u00bbmiddle\u00bb][vc_column_inner width=\u00bb1\/2&#8243;][\/vc_column_inner][vc_column_inner width=\u00bb1\/2&#8243;][vc_column_text] NUEVA F\u00d3RMULA CON PH5 SIN PARABENOS, SIN SULFATOS, SIN SILICONAS SYNDET (sin jab\u00f3n) &nbsp; &nbsp; KERAVIT\u00ae Champ\u00fa Antica\u00edda con Pro-Anagex\u00ae, ayuda a prevenir y frenar la ca\u00edda del cabello, as\u00ed como aumenta la densidad capilar y ralentiza el envejecimiento del cabello. KERAVIT\u00ae Champ\u00fa Antica\u00edda [&hellip;]\" \/>\n<meta property=\"og:url\" content=\"https:\/\/lsp.es\/keravit\/tratamientos\/topicos\/\" \/>\n<meta property=\"og:site_name\" content=\"Keravit\" \/>\n<meta property=\"article:modified_time\" content=\"2022-05-17T13:37:13+00:00\" \/>\n<meta name=\"twitter:card\" content=\"summary_large_image\" \/>\n<meta name=\"twitter:label1\" content=\"Tiempo de lectura\" \/>\n\t<meta name=\"twitter:data1\" content=\"3 minutos\" \/>\n<script type=\"application\/ld+json\" class=\"yoast-schema-graph\">{\"@context\":\"https:\/\/schema.org\",\"@graph\":[{\"@type\":\"Organization\",\"@id\":\"https:\/\/lsp.es\/keravit\/#organization\",\"name\":\"Keravit\",\"url\":\"https:\/\/lsp.es\/keravit\/\",\"sameAs\":[],\"logo\":{\"@type\":\"ImageObject\",\"@id\":\"https:\/\/lsp.es\/keravit\/#logo\",\"inLanguage\":\"es\",\"url\":\"https:\/\/lsp.es\/keravit\/wp-content\/uploads\/2019\/09\/Keravit-400-2.png\",\"contentUrl\":\"https:\/\/lsp.es\/keravit\/wp-content\/uploads\/2019\/09\/Keravit-400-2.png\",\"width\":400,\"height\":89,\"caption\":\"Keravit\"},\"image\":{\"@id\":\"https:\/\/lsp.es\/keravit\/#logo\"}},{\"@type\":\"WebSite\",\"@id\":\"https:\/\/lsp.es\/keravit\/#website\",\"url\":\"https:\/\/lsp.es\/keravit\/\",\"name\":\"Keravit\",\"description\":\"Tratamientos para la salud y el cuidado del cabello.\",\"publisher\":{\"@id\":\"https:\/\/lsp.es\/keravit\/#organization\"},\"potentialAction\":[{\"@type\":\"SearchAction\",\"target\":\"https:\/\/lsp.es\/keravit\/?s={search_term_string}\",\"query-input\":\"required name=search_term_string\"}],\"inLanguage\":\"es\"},{\"@type\":\"WebPage\",\"@id\":\"https:\/\/lsp.es\/keravit\/tratamientos\/topicos\/#webpage\",\"url\":\"https:\/\/lsp.es\/keravit\/tratamientos\/topicos\/\",\"name\":\"Tratamientos t\\u00f3picos capilares - Keravit\",\"isPartOf\":{\"@id\":\"https:\/\/lsp.es\/keravit\/#website\"},\"datePublished\":\"2019-07-23T09:50:12+00:00\",\"dateModified\":\"2022-05-17T13:37:13+00:00\",\"breadcrumb\":{\"@id\":\"https:\/\/lsp.es\/keravit\/tratamientos\/topicos\/#breadcrumb\"},\"inLanguage\":\"es\",\"potentialAction\":[{\"@type\":\"ReadAction\",\"target\":[\"https:\/\/lsp.es\/keravit\/tratamientos\/topicos\/\"]}]},{\"@type\":\"BreadcrumbList\",\"@id\":\"https:\/\/lsp.es\/keravit\/tratamientos\/topicos\/#breadcrumb\",\"itemListElement\":[{\"@type\":\"ListItem\",\"position\":1,\"item\":{\"@type\":\"WebPage\",\"@id\":\"https:\/\/lsp.es\/keravit\/\",\"url\":\"https:\/\/lsp.es\/keravit\/\",\"name\":\"Inici\"}},{\"@type\":\"ListItem\",\"position\":2,\"item\":{\"@type\":\"WebPage\",\"@id\":\"https:\/\/lsp.es\/keravit\/tratamientos\/\",\"url\":\"https:\/\/lsp.es\/keravit\/tratamientos\/\",\"name\":\"Tratamientos\"}},{\"@type\":\"ListItem\",\"position\":3,\"item\":{\"@id\":\"https:\/\/lsp.es\/keravit\/tratamientos\/topicos\/#webpage\"}}]}]}<\/script>\n<!-- \/ Yoast SEO plugin. -->","_links":{"self":[{"href":"https:\/\/lsp.es\/keravit\/wp-json\/wp\/v2\/pages\/3495"}],"collection":[{"href":"https:\/\/lsp.es\/keravit\/wp-json\/wp\/v2\/pages"}],"about":[{"href":"https:\/\/lsp.es\/keravit\/wp-json\/wp\/v2\/types\/page"}],"author":[{"embeddable":true,"href":"https:\/\/lsp.es\/keravit\/wp-json\/wp\/v2\/users\/1"}],"replies":[{"embeddable":true,"href":"https:\/\/lsp.es\/keravit\/wp-json\/wp\/v2\/comments?post=3495"}],"version-history":[{"count":58,"href":"https:\/\/lsp.es\/keravit\/wp-json\/wp\/v2\/pages\/3495\/revisions"}],"predecessor-version":[{"id":4032,"href":"https:\/\/lsp.es\/keravit\/wp-json\/wp\/v2\/pages\/3495\/revisions\/4032"}],"up":[{"embeddable":true,"href":"https:\/\/lsp.es\/keravit\/wp-json\/wp\/v2\/pages\/3493"}],"wp:attachment":[{"href":"https:\/\/lsp.es\/keravit\/wp-json\/wp\/v2\/media?parent=3495"}],"curies":[{"name":"wp","href":"https:\/\/api.w.org\/{rel}","templated":true}]}}