{"id":3491,"date":"2019-07-23T11:48:43","date_gmt":"2019-07-23T09:48:43","guid":{"rendered":"https:\/\/lsp.es\/keravit\/?page_id=3491"},"modified":"2019-10-04T09:31:59","modified_gmt":"2019-10-04T07:31:59","slug":"nutrientes","status":"publish","type":"page","link":"https:\/\/lsp.es\/keravit\/nutrientes\/","title":{"rendered":"Nutrientes"},"content":{"rendered":"<p>[vc_section][vc_row][vc_column]<div class=\"wpb_content_element \"><style type=\"text\/css\" scoped>#ut_header_69e898d6c6e9b h2 span { color:; }<\/style><header id=\"ut_header_69e898d6c6e9b\" class=\"section-header pt-style-6 header-center\"><h2  class=\"section-title \"><span>DE QU\u00c9 NUTRIENTES SE COMPONEN LOS PRODUCTOS KERAVIT\u00ae<\/span><\/h2><\/header><\/div>[vc_column_text]<\/p>\n<p style=\"text-align: center;\">KERAVIT\u00ae es un complemento alimenticio rico en nutrientes para el mantenimiento del cabello gracias a su f\u00f3rmula exclusiva compuesta por vitaminas y amino\u00e1cidos todos ellos de origen natural.<\/p>\n<p>[\/vc_column_text][\/vc_column][\/vc_row][vc_row equal_height=\u00bbyes\u00bb el_id=\u00bbllistat_15_coses\u00bb][vc_column][vc_column_text]<\/p>\n<p style=\"text-align: center;\"><strong>TRATAMIENTOS ORALES CAPILARES<\/strong><\/p>\n<p>[\/vc_column_text][\/vc_column][vc_column width=\u00bb1\/3&#8243;][vc_column_text]<div  class=\"wpb_content_element   clearfix\"><style type=\"text\/css\" scoped>#ut_am_69e898d6ca42e { opacity: 1; }<\/style><div id=\"ut_am_wrap_69e898d6ca42f\" class=\"ut-image-gallery-image \" style=\"text-align:left;\"><div class=\"ut-animated-image-item ut-image-gallery-item ut-animation-done\"><a class=\"ut-deactivated-link\" href=\"#\"><img title=\"H-002-300\" id=\"ut_am_69e898d6ca42e\" style=\"\" src=\"https:\/\/lsp.es\/keravit\/wp-content\/uploads\/2019\/09\/H-002-300.jpg\" width=\"300\" height=\"300\" alt=\"H\"\/><\/a><\/div><\/div><\/div><b>VITAMINA H &#8211; Biotina<\/b><br \/>\nContribuye al mantenimiento del cabello y de las u\u00f1as en condiciones normales y tiene efecto reparador sobre cabellos fr\u00e1giles y\/o da\u00f1ados<br \/>\n[\/vc_column_text][\/vc_column][vc_column width=\u00bb1\/3&#8243;][vc_column_text]<div  class=\"wpb_content_element   clearfix\"><style type=\"text\/css\" scoped>#ut_am_69e898d6cbc46 { opacity: 1; }<\/style><div id=\"ut_am_wrap_69e898d6cbc47\" class=\"ut-image-gallery-image \" style=\"text-align:left;\"><div class=\"ut-animated-image-item ut-image-gallery-item ut-animation-done\"><a class=\"ut-deactivated-link\" href=\"#\"><img title=\"b3-003-300\" id=\"ut_am_69e898d6cbc46\" style=\"\" src=\"https:\/\/lsp.es\/keravit\/wp-content\/uploads\/2019\/09\/b3-003-300.jpg\" width=\"300\" height=\"300\" alt=\"b\"\/><\/a><\/div><\/div><\/div><b>VITAMINA B3<\/b><br \/>\nEnergizante: estimula el crecimiento del cabello<br \/>\n[\/vc_column_text][\/vc_column][vc_column width=\u00bb1\/3&#8243;][vc_column_text]<div  class=\"wpb_content_element   clearfix\"><style type=\"text\/css\" scoped>#ut_am_69e898d6cc10d { opacity: 1; }<\/style><div id=\"ut_am_wrap_69e898d6cc10e\" class=\"ut-image-gallery-image \" style=\"text-align:left;\"><div class=\"ut-animated-image-item ut-image-gallery-item ut-animation-done\"><a class=\"ut-deactivated-link\" href=\"#\"><img title=\"H-003-300\" id=\"ut_am_69e898d6cc10d\" style=\"\" src=\"https:\/\/lsp.es\/keravit\/wp-content\/uploads\/2019\/09\/H-003-300.jpg\" width=\"300\" height=\"300\" alt=\"H\"\/><\/a><\/div><\/div><\/div><b>VITAMINA B5<\/b><br \/>\nHidratante: mantiene el nivel de humedad en el cabello y le aporta vigor<br \/>\n[\/vc_column_text][\/vc_column][vc_column width=\u00bb1\/3&#8243;][vc_column_text]<div  class=\"wpb_content_element   clearfix\"><style type=\"text\/css\" scoped>#ut_am_69e898d6cc578 { opacity: 1; }<\/style><div id=\"ut_am_wrap_69e898d6cc579\" class=\"ut-image-gallery-image \" style=\"text-align:left;\"><div class=\"ut-animated-image-item ut-image-gallery-item ut-animation-done\"><a class=\"ut-deactivated-link\" href=\"#\"><img title=\"H-003-300\" id=\"ut_am_69e898d6cc578\" style=\"\" src=\"https:\/\/lsp.es\/keravit\/wp-content\/uploads\/2019\/09\/H-003-300-1.jpg\" width=\"300\" height=\"300\" alt=\"H\"\/><\/a><\/div><\/div><\/div><b>VITAMINA B6<\/b><br \/>\nFrena la ca\u00edda y retarda el deterioro capilar<br \/>\n[\/vc_column_text][\/vc_column][vc_column width=\u00bb1\/3&#8243;][vc_column_text]<div  class=\"wpb_content_element   clearfix\"><style type=\"text\/css\" scoped>#ut_am_69e898d6cc9a3 { opacity: 1; }<\/style><div id=\"ut_am_wrap_69e898d6cc9a4\" class=\"ut-image-gallery-image \" style=\"text-align:left;\"><div class=\"ut-animated-image-item ut-image-gallery-item ut-animation-done\"><a class=\"ut-deactivated-link\" href=\"#\"><img title=\"E-002-300\" id=\"ut_am_69e898d6cc9a3\" style=\"\" src=\"https:\/\/lsp.es\/keravit\/wp-content\/uploads\/2019\/09\/E-002-300.jpg\" width=\"300\" height=\"300\" alt=\"E\"\/><\/a><\/div><\/div><\/div><b>VITAMINA E<\/b><br \/>\nAntioxidante: proporciona efectos hidratantes, revitalizantes y protege de las puntas abiertas y al cabello quebradizo<br \/>\n[\/vc_column_text][\/vc_column][vc_column width=\u00bb1\/3&#8243;][vc_column_text]<div  class=\"wpb_content_element   clearfix\"><style type=\"text\/css\" scoped>#ut_am_69e898d6cd78c { opacity: 1; }<\/style><div id=\"ut_am_wrap_69e898d6cd78d\" class=\"ut-image-gallery-image \" style=\"text-align:left;\"><div class=\"ut-animated-image-item ut-image-gallery-item ut-animation-done\"><a class=\"ut-deactivated-link\" href=\"#\"><img title=\"hierro-cobre-magnesio-003-300\" id=\"ut_am_69e898d6cd78c\" style=\"\" src=\"https:\/\/lsp.es\/keravit\/wp-content\/uploads\/2019\/09\/hierro-cobre-magnesio-003-300.jpg\" width=\"300\" height=\"300\" alt=\"hierro cobre magnesio\"\/><\/a><\/div><\/div><\/div><b>HIERRO, COBRE, MAGNESIO y ZINC<\/b><br \/>\nEstimulan el crecimiento y la recuperaci\u00f3n del tejido del cabello.[\/vc_column_text][\/vc_column][vc_column width=\u00bb1\/3&#8243;][vc_column_text]<div  class=\"wpb_content_element   clearfix\"><style type=\"text\/css\" scoped>#ut_am_69e898d6ce681 { opacity: 1; }<\/style><div id=\"ut_am_wrap_69e898d6ce682\" class=\"ut-image-gallery-image \" style=\"text-align:left;\"><div class=\"ut-animated-image-item ut-image-gallery-item ut-animation-done\"><a class=\"ut-deactivated-link\" href=\"#\"><img title=\"aminoacidos-003-300\" id=\"ut_am_69e898d6ce681\" style=\"\" src=\"https:\/\/lsp.es\/keravit\/wp-content\/uploads\/2019\/09\/aminoacidos-003-300.jpg\" width=\"300\" height=\"300\" alt=\"aminoacidos\"\/><\/a><\/div><\/div><\/div><b>AMINO\u00c1CIDOS &#8211; L-Cistina y Gelatina (Sobres)<\/b><br \/>\nAmino\u00e1cidos azufrados imprescindible para la s\u00edntesis y mantenimiento de la estructura de la queratina del cabello y las u\u00f1as<br \/>\n[\/vc_column_text][\/vc_column][vc_column width=\u00bb1\/3&#8243;][vc_column_text]<div  class=\"wpb_content_element   clearfix\"><style type=\"text\/css\" scoped>#ut_am_69e898d6d0791 { opacity: 1; }<\/style><div id=\"ut_am_wrap_69e898d6d0793\" class=\"ut-image-gallery-image \" style=\"text-align:left;\"><div class=\"ut-animated-image-item ut-image-gallery-item ut-animation-done\"><a class=\"ut-deactivated-link\" href=\"#\"><img title=\"hidrolizado-proteina-arroz-001-300\" id=\"ut_am_69e898d6d0791\" style=\"\" src=\"https:\/\/lsp.es\/keravit\/wp-content\/uploads\/2019\/07\/hidrolizado-proteina-arroz-001-300.jpg\" width=\"300\" height=\"300\" alt=\"hidrolizado proteina arroz\"\/><\/a><\/div><\/div><\/div><b>HIDROLIZADO DE PROTE\u00cdNA DE ARROZ (C\u00e1psulas)<\/b><br \/>\nAlternativa a la ingesta de otras prote\u00ednas de origen animal, especialmente en dietas vegetarianas<br \/>\n[\/vc_column_text][\/vc_column][vc_column width=\u00bb1\/3&#8243;][vc_column_text]<div  class=\"wpb_content_element   clearfix\"><style type=\"text\/css\" scoped>#ut_am_69e898d6d0e2c { opacity: 1; }<\/style><div id=\"ut_am_wrap_69e898d6d0e2d\" class=\"ut-image-gallery-image \" style=\"text-align:left;\"><div class=\"ut-animated-image-item ut-image-gallery-item ut-animation-done\"><a class=\"ut-deactivated-link\" href=\"#\"><img title=\"acido-gamma-linoleico-002-300\" id=\"ut_am_69e898d6d0e2c\" style=\"\" src=\"https:\/\/lsp.es\/keravit\/wp-content\/uploads\/2019\/09\/acido-gamma-linoleico-002-300.jpg\" width=\"300\" height=\"300\" alt=\"acido gamma linoleico\"\/><\/a><\/div><\/div><\/div><b>\u00c1CIDO GAMMA-LINOL\u00c9NICO<\/b><br \/>\nProporciona fuerza y brillo al cabello<br \/>\n[\/vc_column_text][\/vc_column][vc_column][vc_column_text]<\/p>\n<hr \/>\n<p>&nbsp;<\/p>\n<p style=\"text-align: center;\"><strong>TRATAMIENTOS T\u00d3PICOS CAPILARES<\/strong><\/p>\n<p>[\/vc_column_text][\/vc_column][vc_column width=\u00bb1\/3&#8243;][vc_column_text]<div  class=\"wpb_content_element   clearfix\"><style type=\"text\/css\" scoped>#ut_am_69e898d6d1281 { opacity: 1; }<\/style><div id=\"ut_am_wrap_69e898d6d1283\" class=\"ut-image-gallery-image \" style=\"text-align:left;\"><div class=\"ut-animated-image-item ut-image-gallery-item ut-animation-done\"><a class=\"ut-deactivated-link\" href=\"#\"><img title=\"pr-anagex-002-300\" id=\"ut_am_69e898d6d1281\" style=\"\" src=\"https:\/\/lsp.es\/keravit\/wp-content\/uploads\/2019\/09\/pr-anagex-002-300.jpg\" width=\"300\" height=\"300\" alt=\"pr anagex\"\/><\/a><\/div><\/div><\/div><b>PRO-ANAGEX\u00ae <\/b><br \/>\nActivo exclusivo que frena la ca\u00edda del cabello y estimula el crecimiento de nuevos cabellos<br \/>\n[\/vc_column_text][\/vc_column][vc_column width=\u00bb1\/3&#8243;][vc_column_text]<div  class=\"wpb_content_element   clearfix\"><style type=\"text\/css\" scoped>#ut_am_69e898d6d170e { opacity: 1; }<\/style><div id=\"ut_am_wrap_69e898d6d170f\" class=\"ut-image-gallery-image \" style=\"text-align:left;\"><div class=\"ut-animated-image-item ut-image-gallery-item ut-animation-done\"><a class=\"ut-deactivated-link\" href=\"#\"><img title=\"extracto-ortiga-blanc-002-300\" id=\"ut_am_69e898d6d170e\" style=\"\" src=\"https:\/\/lsp.es\/keravit\/wp-content\/uploads\/2019\/09\/extracto-ortiga-blanc-002-300.jpg\" width=\"300\" height=\"300\" alt=\"extracto ortiga blanc\"\/><\/a><\/div><\/div><\/div><b>EXTRACTO DE ORTIGA BLANCA<\/b><br \/>\nAstringente para regular la secreci\u00f3n seb\u00e1cea<br \/>\n[\/vc_column_text][\/vc_column][vc_column width=\u00bb1\/3&#8243;][vc_column_text]<div  class=\"wpb_content_element   clearfix\"><style type=\"text\/css\" scoped>#ut_am_69e898d6d1b5b { opacity: 1; }<\/style><div id=\"ut_am_wrap_69e898d6d1b5d\" class=\"ut-image-gallery-image \" style=\"text-align:left;\"><div class=\"ut-animated-image-item ut-image-gallery-item ut-animation-done\"><a class=\"ut-deactivated-link\" href=\"#\"><img title=\"hamamelis-virginiana-002-300\" id=\"ut_am_69e898d6d1b5b\" style=\"\" src=\"https:\/\/lsp.es\/keravit\/wp-content\/uploads\/2019\/09\/hamamelis-virginiana-002-300.jpg\" width=\"300\" height=\"300\" alt=\"hamamelis virginiana\"\/><\/a><\/div><\/div><\/div><b>HAMAMELIS VIRGINIANA<\/b><br \/>\nAct\u00faa como astringente y acondicionador capilar<br \/>\n[\/vc_column_text][\/vc_column][vc_column width=\u00bb1\/3&#8243;][vc_column_text]<div  class=\"wpb_content_element   clearfix\"><style type=\"text\/css\" scoped>#ut_am_69e898d6d1f98 { opacity: 1; }<\/style><div id=\"ut_am_wrap_69e898d6d1f99\" class=\"ut-image-gallery-image \" style=\"text-align:left;\"><div class=\"ut-animated-image-item ut-image-gallery-item ut-animation-done\"><a class=\"ut-deactivated-link\" href=\"#\"><img title=\"extracto-mijo-002-300\" id=\"ut_am_69e898d6d1f98\" style=\"\" src=\"https:\/\/lsp.es\/keravit\/wp-content\/uploads\/2019\/09\/extracto-mijo-002-300.jpg\" width=\"300\" height=\"300\" alt=\"extracto mijo\"\/><\/a><\/div><\/div><\/div><b>EXTRACTO DE MIJO<\/b><br \/>\nAporta hidrataci\u00f3n y protecci\u00f3n, y estimula la formaci\u00f3n de queratina, mejorando la calidad del cabello<br \/>\n[\/vc_column_text][\/vc_column][vc_column width=\u00bb1\/3&#8243;][vc_column_text]<div  class=\"wpb_content_element   clearfix\"><style type=\"text\/css\" scoped>#ut_am_69e898d6d2421 { opacity: 1; }<\/style><div id=\"ut_am_wrap_69e898d6d2423\" class=\"ut-image-gallery-image \" style=\"text-align:left;\"><div class=\"ut-animated-image-item ut-image-gallery-item ut-animation-done\"><a class=\"ut-deactivated-link\" href=\"#\"><img title=\"piroctone-002-300\" id=\"ut_am_69e898d6d2421\" style=\"\" src=\"https:\/\/lsp.es\/keravit\/wp-content\/uploads\/2019\/09\/piroctone-002-300.jpg\" width=\"300\" height=\"300\" alt=\"piroctone\"\/><\/a><\/div><\/div><\/div><b>PIROCTONE OLAMINE<\/b><br \/>\nEficaz agente anticaspa: no solo la elimina sino que adem\u00e1s previene su reaparici\u00f3n<br \/>\n[\/vc_column_text][\/vc_column][vc_column width=\u00bb1\/3&#8243;][vc_column_text]<div  class=\"wpb_content_element   clearfix\"><style type=\"text\/css\" scoped>#ut_am_69e898d6d2507 { opacity: 1; }<\/style><div id=\"ut_am_wrap_69e898d6d2509\" class=\"ut-image-gallery-image \" style=\"text-align:left;\"><div class=\"ut-animated-image-item ut-image-gallery-item ut-animation-done\"><a class=\"ut-deactivated-link\" href=\"#\"><img title=\"b3-003-300\" id=\"ut_am_69e898d6d2507\" style=\"\" src=\"https:\/\/lsp.es\/keravit\/wp-content\/uploads\/2019\/09\/b3-003-300.jpg\" width=\"300\" height=\"300\" alt=\"b\"\/><\/a><\/div><\/div><\/div><b>VITAMINA B3<\/b><br \/>\nEnergizante: estimula el crecimiento del cabello<br \/>\n[\/vc_column_text][\/vc_column][vc_column width=\u00bb1\/3&#8243;][vc_column_text]<div  class=\"wpb_content_element   clearfix\"><style type=\"text\/css\" scoped>#ut_am_69e898d6d25b5 { opacity: 1; }<\/style><div id=\"ut_am_wrap_69e898d6d25b6\" class=\"ut-image-gallery-image \" style=\"text-align:left;\"><div class=\"ut-animated-image-item ut-image-gallery-item ut-animation-done\"><a class=\"ut-deactivated-link\" href=\"#\"><img title=\"H-003-300\" id=\"ut_am_69e898d6d25b5\" style=\"\" src=\"https:\/\/lsp.es\/keravit\/wp-content\/uploads\/2019\/09\/H-003-300.jpg\" width=\"300\" height=\"300\" alt=\"H\"\/><\/a><\/div><\/div><\/div><b>VITAMINA B5<\/b><br \/>\nHidratante: mantiene el nivel de humedad en el cabello y le aporta vigor<br \/>\n[\/vc_column_text][\/vc_column][vc_column width=\u00bb1\/3&#8243;][vc_column_text]<div  class=\"wpb_content_element   clearfix\"><style type=\"text\/css\" scoped>#ut_am_69e898d6d2653 { opacity: 1; }<\/style><div id=\"ut_am_wrap_69e898d6d2654\" class=\"ut-image-gallery-image \" style=\"text-align:left;\"><div class=\"ut-animated-image-item ut-image-gallery-item ut-animation-done\"><a class=\"ut-deactivated-link\" href=\"#\"><img title=\"H-003-300\" id=\"ut_am_69e898d6d2653\" style=\"\" src=\"https:\/\/lsp.es\/keravit\/wp-content\/uploads\/2019\/09\/H-003-300-1.jpg\" width=\"300\" height=\"300\" alt=\"H\"\/><\/a><\/div><\/div><\/div><b>VITAMINA B6<\/b><br \/>\nFrena la ca\u00edda y retarda el deterioro capilar<br \/>\n[\/vc_column_text][\/vc_column][vc_column width=\u00bb1\/3&#8243;][vc_column_text]<div  class=\"wpb_content_element   clearfix\"><style type=\"text\/css\" scoped>#ut_am_69e898d6d373e { opacity: 1; }<\/style><div id=\"ut_am_wrap_69e898d6d3740\" class=\"ut-image-gallery-image \" style=\"text-align:left;\"><div class=\"ut-animated-image-item ut-image-gallery-item ut-animation-done\"><a class=\"ut-deactivated-link\" href=\"#\"><img title=\"c-003B-300\" id=\"ut_am_69e898d6d373e\" style=\"\" src=\"https:\/\/lsp.es\/keravit\/wp-content\/uploads\/2019\/09\/c-003B-300.jpg\" width=\"300\" height=\"300\" alt=\"c B\"\/><\/a><\/div><\/div><\/div><b>VITAMINA C<\/b><br \/>\nAntioxidante: protege de los radicales libres<br \/>\n[\/vc_column_text][\/vc_column][vc_column width=\u00bb1\/3&#8243;][vc_column_text]<div  class=\"wpb_content_element   clearfix\"><style type=\"text\/css\" scoped>#ut_am_69e898d6d3800 { opacity: 1; }<\/style><div id=\"ut_am_wrap_69e898d6d3801\" class=\"ut-image-gallery-image \" style=\"text-align:left;\"><div class=\"ut-animated-image-item ut-image-gallery-item ut-animation-done\"><a class=\"ut-deactivated-link\" href=\"#\"><img title=\"E-002-300\" id=\"ut_am_69e898d6d3800\" style=\"\" src=\"https:\/\/lsp.es\/keravit\/wp-content\/uploads\/2019\/09\/E-002-300.jpg\" width=\"300\" height=\"300\" alt=\"E\"\/><\/a><\/div><\/div><\/div><b>VITAMINA E<\/b><br \/>\nAntioxidante: proporciona efectos hidratantes, revitalizantes y protege de las puntas abiertas y al cabello quebradizo<br \/>\n[\/vc_column_text][\/vc_column][vc_column width=\u00bb1\/3&#8243;][vc_column_text]<div  class=\"wpb_content_element   clearfix\"><style type=\"text\/css\" scoped>#ut_am_69e898d6d3d35 { opacity: 1; }<\/style><div id=\"ut_am_wrap_69e898d6d3d36\" class=\"ut-image-gallery-image \" style=\"text-align:left;\"><div class=\"ut-animated-image-item ut-image-gallery-item ut-animation-done\"><a class=\"ut-deactivated-link\" href=\"#\"><img title=\"acido-hialuronico-002-300\" id=\"ut_am_69e898d6d3d35\" style=\"\" src=\"https:\/\/lsp.es\/keravit\/wp-content\/uploads\/2019\/09\/acido-hialuronico-002-300.jpg\" width=\"300\" height=\"300\" alt=\"acido hialuronico\"\/><\/a><\/div><\/div><\/div><b>BETA\u00cdNA y \u00c1CIDO HIALUR\u00d3NICO<\/b><br \/>\nAsociaci\u00f3n de componentes que hidratan en profundidad el cabello<br \/>\n[\/vc_column_text][\/vc_column][vc_column width=\u00bb1\/3&#8243;][vc_column_text]<div  class=\"wpb_content_element   clearfix\"><style type=\"text\/css\" scoped>#ut_am_69e898d6d40f6 { opacity: 1; }<\/style><div id=\"ut_am_wrap_69e898d6d40f7\" class=\"ut-image-gallery-image \" style=\"text-align:left;\"><div class=\"ut-animated-image-item ut-image-gallery-item ut-animation-done\"><a class=\"ut-deactivated-link\" href=\"#\"><img title=\"queratina-002-300\" id=\"ut_am_69e898d6d40f6\" style=\"\" src=\"https:\/\/lsp.es\/keravit\/wp-content\/uploads\/2019\/09\/queratina-002-300.jpg\" width=\"300\" height=\"300\" alt=\"queratina\"\/><\/a><\/div><\/div><\/div><b>QUERATINA<\/b><br \/>\nCausa un efecto reparador sobre los cabellos fr\u00e1giles y\/o da\u00f1ados<br \/>\n[\/vc_column_text][\/vc_column][\/vc_row][\/vc_section]<\/p>\n","protected":false},"excerpt":{"rendered":"<p>[vc_section][vc_row][vc_column][vc_column_text] KERAVIT\u00ae es un complemento alimenticio rico en nutrientes para el mantenimiento del cabello gracias a su f\u00f3rmula exclusiva compuesta por vitaminas y amino\u00e1cidos todos ellos de origen natural. [\/vc_column_text][\/vc_column][\/vc_row][vc_row equal_height=\u00bbyes\u00bb el_id=\u00bbllistat_15_coses\u00bb][vc_column][vc_column_text] TRATAMIENTOS ORALES CAPILARES [\/vc_column_text][\/vc_column][vc_column width=\u00bb1\/3&#8243;][vc_column_text]VITAMINA H &#8211; Biotina Contribuye al mantenimiento del cabello y de las u\u00f1as en condiciones normales y tiene efecto [&hellip;]<\/p>\n","protected":false},"author":1,"featured_media":0,"parent":0,"menu_order":0,"comment_status":"closed","ping_status":"closed","template":"","meta":[],"yoast_head":"<!-- This site is optimized with the Yoast SEO plugin v16.4 - https:\/\/yoast.com\/wordpress\/plugins\/seo\/ -->\n<title>Nutrientes - Keravit<\/title>\n<meta name=\"robots\" content=\"index, follow, max-snippet:-1, max-image-preview:large, max-video-preview:-1\" \/>\n<link rel=\"canonical\" href=\"https:\/\/lsp.es\/keravit\/nutrientes\/\" \/>\n<meta property=\"og:locale\" content=\"es_ES\" \/>\n<meta property=\"og:type\" content=\"article\" \/>\n<meta property=\"og:title\" content=\"Nutrientes - Keravit\" \/>\n<meta property=\"og:description\" content=\"[vc_section][vc_row][vc_column][vc_column_text] KERAVIT\u00ae es un complemento alimenticio rico en nutrientes para el mantenimiento del cabello gracias a su f\u00f3rmula exclusiva compuesta por vitaminas y amino\u00e1cidos todos ellos de origen natural. [\/vc_column_text][\/vc_column][\/vc_row][vc_row equal_height=\u00bbyes\u00bb el_id=\u00bbllistat_15_coses\u00bb][vc_column][vc_column_text] TRATAMIENTOS ORALES CAPILARES [\/vc_column_text][\/vc_column][vc_column width=\u00bb1\/3&#8243;][vc_column_text]VITAMINA H &#8211; Biotina Contribuye al mantenimiento del cabello y de las u\u00f1as en condiciones normales y tiene efecto [&hellip;]\" \/>\n<meta property=\"og:url\" content=\"https:\/\/lsp.es\/keravit\/nutrientes\/\" \/>\n<meta property=\"og:site_name\" content=\"Keravit\" \/>\n<meta property=\"article:modified_time\" content=\"2019-10-04T07:31:59+00:00\" \/>\n<meta name=\"twitter:card\" content=\"summary_large_image\" \/>\n<meta name=\"twitter:label1\" content=\"Tiempo de lectura\" \/>\n\t<meta name=\"twitter:data1\" content=\"4 minutos\" \/>\n<script type=\"application\/ld+json\" class=\"yoast-schema-graph\">{\"@context\":\"https:\/\/schema.org\",\"@graph\":[{\"@type\":\"Organization\",\"@id\":\"https:\/\/lsp.es\/keravit\/#organization\",\"name\":\"Keravit\",\"url\":\"https:\/\/lsp.es\/keravit\/\",\"sameAs\":[],\"logo\":{\"@type\":\"ImageObject\",\"@id\":\"https:\/\/lsp.es\/keravit\/#logo\",\"inLanguage\":\"es\",\"url\":\"https:\/\/lsp.es\/keravit\/wp-content\/uploads\/2019\/09\/Keravit-400-2.png\",\"contentUrl\":\"https:\/\/lsp.es\/keravit\/wp-content\/uploads\/2019\/09\/Keravit-400-2.png\",\"width\":400,\"height\":89,\"caption\":\"Keravit\"},\"image\":{\"@id\":\"https:\/\/lsp.es\/keravit\/#logo\"}},{\"@type\":\"WebSite\",\"@id\":\"https:\/\/lsp.es\/keravit\/#website\",\"url\":\"https:\/\/lsp.es\/keravit\/\",\"name\":\"Keravit\",\"description\":\"Tratamientos para la salud y el cuidado del cabello.\",\"publisher\":{\"@id\":\"https:\/\/lsp.es\/keravit\/#organization\"},\"potentialAction\":[{\"@type\":\"SearchAction\",\"target\":\"https:\/\/lsp.es\/keravit\/?s={search_term_string}\",\"query-input\":\"required name=search_term_string\"}],\"inLanguage\":\"es\"},{\"@type\":\"WebPage\",\"@id\":\"https:\/\/lsp.es\/keravit\/nutrientes\/#webpage\",\"url\":\"https:\/\/lsp.es\/keravit\/nutrientes\/\",\"name\":\"Nutrientes - Keravit\",\"isPartOf\":{\"@id\":\"https:\/\/lsp.es\/keravit\/#website\"},\"datePublished\":\"2019-07-23T09:48:43+00:00\",\"dateModified\":\"2019-10-04T07:31:59+00:00\",\"breadcrumb\":{\"@id\":\"https:\/\/lsp.es\/keravit\/nutrientes\/#breadcrumb\"},\"inLanguage\":\"es\",\"potentialAction\":[{\"@type\":\"ReadAction\",\"target\":[\"https:\/\/lsp.es\/keravit\/nutrientes\/\"]}]},{\"@type\":\"BreadcrumbList\",\"@id\":\"https:\/\/lsp.es\/keravit\/nutrientes\/#breadcrumb\",\"itemListElement\":[{\"@type\":\"ListItem\",\"position\":1,\"item\":{\"@type\":\"WebPage\",\"@id\":\"https:\/\/lsp.es\/keravit\/\",\"url\":\"https:\/\/lsp.es\/keravit\/\",\"name\":\"Inici\"}},{\"@type\":\"ListItem\",\"position\":2,\"item\":{\"@id\":\"https:\/\/lsp.es\/keravit\/nutrientes\/#webpage\"}}]}]}<\/script>\n<!-- \/ Yoast SEO plugin. -->","_links":{"self":[{"href":"https:\/\/lsp.es\/keravit\/wp-json\/wp\/v2\/pages\/3491"}],"collection":[{"href":"https:\/\/lsp.es\/keravit\/wp-json\/wp\/v2\/pages"}],"about":[{"href":"https:\/\/lsp.es\/keravit\/wp-json\/wp\/v2\/types\/page"}],"author":[{"embeddable":true,"href":"https:\/\/lsp.es\/keravit\/wp-json\/wp\/v2\/users\/1"}],"replies":[{"embeddable":true,"href":"https:\/\/lsp.es\/keravit\/wp-json\/wp\/v2\/comments?post=3491"}],"version-history":[{"count":47,"href":"https:\/\/lsp.es\/keravit\/wp-json\/wp\/v2\/pages\/3491\/revisions"}],"predecessor-version":[{"id":3939,"href":"https:\/\/lsp.es\/keravit\/wp-json\/wp\/v2\/pages\/3491\/revisions\/3939"}],"wp:attachment":[{"href":"https:\/\/lsp.es\/keravit\/wp-json\/wp\/v2\/media?parent=3491"}],"curies":[{"name":"wp","href":"https:\/\/api.w.org\/{rel}","templated":true}]}}