{"id":3487,"date":"2019-07-23T11:48:09","date_gmt":"2019-07-23T09:48:09","guid":{"rendered":"https:\/\/lsp.es\/keravit\/?page_id=3487"},"modified":"2019-09-30T10:28:04","modified_gmt":"2019-09-30T08:28:04","slug":"caida-y-cuidado-del-cabello","status":"publish","type":"page","link":"https:\/\/lsp.es\/keravit\/caida-y-cuidado-del-cabello\/","title":{"rendered":"Ca\u00edda y cuidado del cabello"},"content":{"rendered":"<p>[vc_section][vc_row][vc_column]<\/p>\n<h2 class=\"section-title custom_h2_header\" style=\"font-size: 56px;\">La ca\u00edda del cabello: un problema com\u00fan<\/h2>\n<h2><\/h2>\n<p>La mayor\u00eda de los hombres y mujeres presentan alguna forma de p\u00e9rdida inusual de cabello en alg\u00fan momento de su vida, ya sea de forma transitoria o permanente.<\/p>\n<p>Ante este hecho existen dos posibles actitudes: la aceptaci\u00f3n o el rechazo. Esta \u00faltima, es la que genera uno de los motivos de consulta m\u00e1s frecuentes debido a la importancia cultural y social que ha adquirido el cabello en nuestra sociedad actual (cabello = belleza, juventud, personalidad, seguridad).<br \/>\n[\/vc_column][\/vc_row][vc_row][vc_column]<br \/>\n<div class=\"wpb_content_element \"><style type=\"text\/css\" scoped>#ut_header_69e892d6ef003 h2 span { color:; }<\/style><header id=\"ut_header_69e892d6ef003\" class=\"section-header pt-style-6 header-center\"><h2  class=\"section-title \"><span>C\u00f3mo y por qu\u00e9<\/span><\/h2><\/header><\/div><br \/>\nPara entender por qu\u00e9 sucede esto, es importante aprender sobre el crecimiento normal del pelo.<\/p>\n<div  class=\"wpb_content_element   clearfix\"><style type=\"text\/css\" scoped>#ut_am_69e892d6ef8d1 { opacity: 1; }<\/style><div id=\"ut_am_wrap_69e892d6ef8d2\" class=\"ut-image-gallery-image \" style=\"text-align:left;\"><div class=\"ut-animated-image-item ut-image-gallery-item ut-animation-done\"><a class=\"ut-deactivated-link\" href=\"#\"><img title=\"keravit_crecimiento_cabello_01_1160\" id=\"ut_am_69e892d6ef8d1\" style=\"\" src=\"https:\/\/lsp.es\/keravit\/wp-content\/uploads\/2019\/09\/keravit_crecimiento_cabello_01_1160.jpg\" width=\"1160\" height=\"496\" alt=\"keravit crecimiento cabello\"\/><\/a><\/div><\/div><\/div><br \/>\nEl ciclo capilar no est\u00e1 sincronizado en los humanos, es decir que mientras algunos cabellos han parado de crecer y se acabar\u00e1n cayendo, otros se encuentran creciendo.<\/p>\n<blockquote><p><strong>\u00abAproximadamente el 90% del cabello est\u00e1 en continuo crecimiento. El otro 10% est\u00e1 en fase de reposo, que dura de dos a tres meses. Al final de la fase de reposo, el cabello se cae\u201d.<\/strong><\/p><\/blockquote>\n<p>En condiciones normales el pelo crece 1 cent\u00edmetro por mes; en el cuero cabelludo tenemos entre 100 mil y 120 mil fol\u00edculos que forman cada uno un pelo y normalmente se pierden entre 50 y 100 diariamente.<\/p>\n<p>La fase de crecimiento es de duraci\u00f3n variable (dependiendo de cada persona, del clima y \u00e9poca del a\u00f1o) y puede durar de 2 a 6 a\u00f1os, es por eso que ciertas personas pueden tener el pelo bien largo mientras que en otras la longitud del pelo tiene cierto l\u00edmite.<\/p>\n<p>Tratando r\u00e1pidamente los primeros signos visibles de la ca\u00edda, tendremos m\u00e1s posibilidades de mantener, por m\u00e1s tiempo, nuestro cabello fuerte y sano.<br \/>\n[\/vc_column][\/vc_row][vc_row][vc_column]<br \/>\n<div class=\"wpb_content_element \"><style type=\"text\/css\" scoped>#ut_header_69e892d6ef9dc h2 span { color:; }<\/style><header id=\"ut_header_69e892d6ef9dc\" class=\"section-header pt-style-6 header-center\"><h2  class=\"section-title \"><span>Tipos de alopecias<\/span><\/h2><\/header><\/div><br \/>\n<strong>Las alopecias en su conjunto representan m\u00e1s del 8% de las consultas en dermatolog\u00eda.<\/strong> Cuando la ca\u00edda del cabello, es decir la p\u00e9rdida de cantidad de pelo se vuelve evidente, ocurre que una mayor cantidad de pelo ha entrado en el per\u00edodo de ca\u00edda, y esto puede deberse a diferentes factores, que son m\u00faltiples, y permiten la clasificaci\u00f3n de la alopecia en dos grandes grupos: <strong>no cicatriciales<\/strong> y <strong>cicatriciales<\/strong> que a su vez pueden ser <strong>cong\u00e9nitas<\/strong> (de baja frecuencia, son aquellas en donde no hay cabello desde el nacimiento) o <strong>adquiridas<\/strong>.<\/p>\n<ul>\n<li><strong>Las alopecias no cicatriciales son las m\u00e1s comunes<\/strong> y pueden mejorar o curarse por medio de tratamientos, como los productos de la gama KERAVIT\u00ae, e incluso algunas se revierten espont\u00e1neamente sin necesidad de ser tratadas. En este tipo de alopecias el fol\u00edculo piloso tiene un comportamiento patol\u00f3gico pero sigue con vida a menos que la alopecia se extienda por per\u00edodos muy largos (alopecia com\u00fan o androgen\u00e9tica).<\/li>\n<li><strong>La calvicie com\u00fan o androgen\u00e9tica es la m\u00e1s frecuente<\/strong> ya que afecta al 95% de las personas que sufren p\u00e9rdida de cabello. Las hormonas masculinas (andr\u00f3genos) son las responsables de hacer caer el pelo en personas gen\u00e9ticamente predispuestas.<\/li>\n<\/ul>\n<p>Seg\u00fan varias estad\u00edsticas afectar\u00eda a alrededor de un 25% de los varones entre los 25 y 35 a\u00f1os, a un 40% de los mayores de 40 a\u00f1os y a un 50% de los mayores de 50 a\u00f1os, aumentando el porcentaje a medida que consideremos grupos de edad m\u00e1s avanzados. <strong>Las mujeres podr\u00edan verse afectadas en torno al 28%<\/strong>, aunque no existen amplios estudios al respecto.<\/p>\n<p>La ca\u00edda se inicia en la coronilla (v\u00e9rtex) o en la regi\u00f3n frontal (popularmente las entradas). Con el paso del tiempo la alopecia se hace progresiva y avanza si no se instaura tempranamente el tratamiento apropiado.<\/p>\n<p>[\/vc_column][\/vc_row][vc_row][vc_column]<br \/>\n<div class=\"wpb_content_element \"><style type=\"text\/css\" scoped>#ut_header_69e892d6efa63 h2 span { color:; }<\/style><header id=\"ut_header_69e892d6efa63\" class=\"section-header pt-style-6 header-center\"><h2  class=\"section-title \"><span>Tratamientos KERAVIT\u00ae<\/span><\/h2><\/header><\/div>\n<p style=\"text-align: center;\">Descubre qu\u00e9 tratamiento KERAVIT\u00ae es el m\u00e1s adecuado para ti.<\/p>\n<p>[\/vc_column][\/vc_row][vc_row el_id=\u00bbsolucion\u00bb][vc_column width=\u00bb1\/2&#8243;]<br \/>\n<a class=\"boto_3d\" href=\"\/keravit\/productos\/orales\/\" target=\"_self\" rel=\"noopener noreferrer\"> KERAVIT<sup>\u00ae<\/sup> Tratamientos orales capilares<\/a><br \/>\n[\/vc_column][vc_column width=\u00bb1\/2&#8243;]<br \/>\n<a class=\"boto_3d\" href=\"\/keravit\/productos\/topicos\/\" target=\"_self\" rel=\"noopener noreferrer\"> KERAVIT<sup>\u00ae<\/sup> Tratamientos t\u00f3picos capilares<\/a><br \/>\n[\/vc_column][\/vc_row][\/vc_section]<\/p>\n","protected":false},"excerpt":{"rendered":"<p>[vc_section][vc_row][vc_column] La ca\u00edda del cabello: un problema com\u00fan La mayor\u00eda de los hombres y mujeres presentan alguna forma de p\u00e9rdida inusual de cabello en alg\u00fan momento de su vida, ya sea de forma transitoria o permanente. Ante este hecho existen dos posibles actitudes: la aceptaci\u00f3n o el rechazo. Esta \u00faltima, es la que genera uno [&hellip;]<\/p>\n","protected":false},"author":1,"featured_media":0,"parent":0,"menu_order":0,"comment_status":"closed","ping_status":"closed","template":"","meta":[],"yoast_head":"<!-- This site is optimized with the Yoast SEO plugin v16.4 - https:\/\/yoast.com\/wordpress\/plugins\/seo\/ -->\n<title>Ca\u00edda y cuidado del cabello - Keravit<\/title>\n<meta name=\"robots\" content=\"index, follow, max-snippet:-1, max-image-preview:large, max-video-preview:-1\" \/>\n<link rel=\"canonical\" href=\"https:\/\/lsp.es\/keravit\/caida-y-cuidado-del-cabello\/\" \/>\n<meta property=\"og:locale\" content=\"es_ES\" \/>\n<meta property=\"og:type\" content=\"article\" \/>\n<meta property=\"og:title\" content=\"Ca\u00edda y cuidado del cabello - Keravit\" \/>\n<meta property=\"og:description\" content=\"[vc_section][vc_row][vc_column] La ca\u00edda del cabello: un problema com\u00fan La mayor\u00eda de los hombres y mujeres presentan alguna forma de p\u00e9rdida inusual de cabello en alg\u00fan momento de su vida, ya sea de forma transitoria o permanente. Ante este hecho existen dos posibles actitudes: la aceptaci\u00f3n o el rechazo. Esta \u00faltima, es la que genera uno [&hellip;]\" \/>\n<meta property=\"og:url\" content=\"https:\/\/lsp.es\/keravit\/caida-y-cuidado-del-cabello\/\" \/>\n<meta property=\"og:site_name\" content=\"Keravit\" \/>\n<meta property=\"article:modified_time\" content=\"2019-09-30T08:28:04+00:00\" \/>\n<meta name=\"twitter:card\" content=\"summary_large_image\" \/>\n<meta name=\"twitter:label1\" content=\"Tiempo de lectura\" \/>\n\t<meta name=\"twitter:data1\" content=\"4 minutos\" \/>\n<script type=\"application\/ld+json\" class=\"yoast-schema-graph\">{\"@context\":\"https:\/\/schema.org\",\"@graph\":[{\"@type\":\"Organization\",\"@id\":\"https:\/\/lsp.es\/keravit\/#organization\",\"name\":\"Keravit\",\"url\":\"https:\/\/lsp.es\/keravit\/\",\"sameAs\":[],\"logo\":{\"@type\":\"ImageObject\",\"@id\":\"https:\/\/lsp.es\/keravit\/#logo\",\"inLanguage\":\"es\",\"url\":\"https:\/\/lsp.es\/keravit\/wp-content\/uploads\/2019\/09\/Keravit-400-2.png\",\"contentUrl\":\"https:\/\/lsp.es\/keravit\/wp-content\/uploads\/2019\/09\/Keravit-400-2.png\",\"width\":400,\"height\":89,\"caption\":\"Keravit\"},\"image\":{\"@id\":\"https:\/\/lsp.es\/keravit\/#logo\"}},{\"@type\":\"WebSite\",\"@id\":\"https:\/\/lsp.es\/keravit\/#website\",\"url\":\"https:\/\/lsp.es\/keravit\/\",\"name\":\"Keravit\",\"description\":\"Tratamientos para la salud y el cuidado del cabello.\",\"publisher\":{\"@id\":\"https:\/\/lsp.es\/keravit\/#organization\"},\"potentialAction\":[{\"@type\":\"SearchAction\",\"target\":\"https:\/\/lsp.es\/keravit\/?s={search_term_string}\",\"query-input\":\"required name=search_term_string\"}],\"inLanguage\":\"es\"},{\"@type\":\"WebPage\",\"@id\":\"https:\/\/lsp.es\/keravit\/caida-y-cuidado-del-cabello\/#webpage\",\"url\":\"https:\/\/lsp.es\/keravit\/caida-y-cuidado-del-cabello\/\",\"name\":\"Ca\\u00edda y cuidado del cabello - Keravit\",\"isPartOf\":{\"@id\":\"https:\/\/lsp.es\/keravit\/#website\"},\"datePublished\":\"2019-07-23T09:48:09+00:00\",\"dateModified\":\"2019-09-30T08:28:04+00:00\",\"breadcrumb\":{\"@id\":\"https:\/\/lsp.es\/keravit\/caida-y-cuidado-del-cabello\/#breadcrumb\"},\"inLanguage\":\"es\",\"potentialAction\":[{\"@type\":\"ReadAction\",\"target\":[\"https:\/\/lsp.es\/keravit\/caida-y-cuidado-del-cabello\/\"]}]},{\"@type\":\"BreadcrumbList\",\"@id\":\"https:\/\/lsp.es\/keravit\/caida-y-cuidado-del-cabello\/#breadcrumb\",\"itemListElement\":[{\"@type\":\"ListItem\",\"position\":1,\"item\":{\"@type\":\"WebPage\",\"@id\":\"https:\/\/lsp.es\/keravit\/\",\"url\":\"https:\/\/lsp.es\/keravit\/\",\"name\":\"Inici\"}},{\"@type\":\"ListItem\",\"position\":2,\"item\":{\"@id\":\"https:\/\/lsp.es\/keravit\/caida-y-cuidado-del-cabello\/#webpage\"}}]}]}<\/script>\n<!-- \/ Yoast SEO plugin. -->","_links":{"self":[{"href":"https:\/\/lsp.es\/keravit\/wp-json\/wp\/v2\/pages\/3487"}],"collection":[{"href":"https:\/\/lsp.es\/keravit\/wp-json\/wp\/v2\/pages"}],"about":[{"href":"https:\/\/lsp.es\/keravit\/wp-json\/wp\/v2\/types\/page"}],"author":[{"embeddable":true,"href":"https:\/\/lsp.es\/keravit\/wp-json\/wp\/v2\/users\/1"}],"replies":[{"embeddable":true,"href":"https:\/\/lsp.es\/keravit\/wp-json\/wp\/v2\/comments?post=3487"}],"version-history":[{"count":24,"href":"https:\/\/lsp.es\/keravit\/wp-json\/wp\/v2\/pages\/3487\/revisions"}],"predecessor-version":[{"id":3922,"href":"https:\/\/lsp.es\/keravit\/wp-json\/wp\/v2\/pages\/3487\/revisions\/3922"}],"wp:attachment":[{"href":"https:\/\/lsp.es\/keravit\/wp-json\/wp\/v2\/media?parent=3487"}],"curies":[{"name":"wp","href":"https:\/\/api.w.org\/{rel}","templated":true}]}}