{"id":3485,"date":"2019-07-23T11:47:37","date_gmt":"2019-07-23T09:47:37","guid":{"rendered":"https:\/\/lsp.es\/keravit\/?page_id=3485"},"modified":"2019-10-02T11:22:57","modified_gmt":"2019-10-02T09:22:57","slug":"mujer","status":"publish","type":"page","link":"https:\/\/lsp.es\/keravit\/mujer\/","title":{"rendered":"Alopecia en la mujer"},"content":{"rendered":"<p>[vc_section el_id=\u00bbproblema\u00bb][vc_row][vc_column]<div class=\"wpb_content_element \"><style type=\"text\/css\" scoped>#ut_header_6a0082942d21b h2 span { color:; }<\/style><header id=\"ut_header_6a0082942d21b\" class=\"section-header pt-style-6 header-left\"><h2  class=\"section-title \"><span>La alopecia en las mujeres<\/span><\/h2><\/header><\/div>[vc_column_text]<big>Cada vez m\u00e1s son las mujeres que ven afectada la salud de su cabello. Desde factores gen\u00e9ticos a ambientales o de estilo de vida, el pelo de la mujer sufre una ca\u00edda mayor a partir de los\u00a050 a\u00f1os.<br \/>\n<\/big>[\/vc_column_text][vc_row_inner content_placement=\u00bbmiddle\u00bb][vc_column_inner width=\u00bb1\/2&#8243;]<div  class=\"wpb_content_element   clearfix\"><style type=\"text\/css\" scoped>#ut_am_6a0082942d81a { opacity: 1; }<\/style><div id=\"ut_am_wrap_6a0082942d81b\" class=\"ut-image-gallery-image \" style=\"text-align:left;\"><div class=\"ut-animated-image-item ut-image-gallery-item ut-animation-done\"><a class=\"ut-deactivated-link\" href=\"#\"><img title=\"mujer_02-560\" id=\"ut_am_6a0082942d81a\" style=\"\" src=\"https:\/\/lsp.es\/keravit\/wp-content\/uploads\/2019\/09\/mujer_02-560.jpg\" width=\"560\" height=\"669\" alt=\"mujer\"\/><\/a><\/div><\/div><\/div>[\/vc_column_inner][vc_column_inner width=\u00bb1\/2&#8243;][vc_column_text]<strong class=\"titulars\">Las causas<\/strong><\/p>\n<p>En algunas ocasiones las mujeres sufren un efecto llamado <strong>Efluvio Tel\u00f3geno<\/strong> en que por causas no muy conocidas, pero cada vez m\u00e1s comunes, las mujeres entre 30 y 60 a\u00f1os pierden cabello de forma muy r\u00e1pida. Se cree que el estilo de vida y el estr\u00e9s pueden ser los causantes y est\u00e1 directamente relacionado con un aporte deficitario de elementos esenciales como <strong>amino\u00e1cidos, oligoelementos y vitaminas<\/strong>.<\/p>\n<p class=\"p1\"><span class=\"s1\">Sin duda alguna, el momento clave donde la mujer tiene que enfrentarse a esta p\u00e9rdida dr\u00e1stica del cabello es despu\u00e9s de un parto.\u00a0<\/span><\/p>\n<p>[\/vc_column_text][\/vc_column_inner][\/vc_row_inner][vc_row_inner content_placement=\u00bbmiddle\u00bb][vc_column_inner width=\u00bb1\/2&#8243;][vc_column_text]<strong class=\"titulars\">El problema<\/strong><\/p>\n<p>La ca\u00edda del cabello es un problema muy habitual en las mujeres y afecta directamente a su imagen. Muchas de las mujeres que tienen este problema sienten impotencia ante la situaci\u00f3n y, en muchos casos, pueden haber perdido parte de la confianza en ellas mismas.[\/vc_column_text][\/vc_column_inner][vc_column_inner width=\u00bb1\/2&#8243;]<div  class=\"wpb_content_element   clearfix\"><style type=\"text\/css\" scoped>#ut_am_6a0082942dce3 { opacity: 1; }<\/style><div id=\"ut_am_wrap_6a0082942dce4\" class=\"ut-image-gallery-image \" style=\"text-align:left;\"><div class=\"ut-animated-image-item ut-image-gallery-item ut-animation-done\"><a class=\"ut-deactivated-link\" href=\"#\"><img title=\"mujer_03-560\" id=\"ut_am_6a0082942dce3\" style=\"\" src=\"https:\/\/lsp.es\/keravit\/wp-content\/uploads\/2019\/09\/mujer_03-560.jpg\" width=\"560\" height=\"373\" alt=\"mujer\"\/><\/a><\/div><\/div><\/div>[\/vc_column_inner][\/vc_row_inner][\/vc_column][\/vc_row][\/vc_section][vc_section el_id=\u00bbsolucion\u00bb][vc_row][vc_column][vc_column_text]<\/p>\n<div style=\"text-align: center;\">\n<p><strong class=\"titulars\">La soluci\u00f3n<\/strong><\/p>\n<p><strong><big style=\"font-weight: 700!important;\">KERAVIT\u00ae Directo a la Ra\u00edz<\/big><\/strong><\/p>\n<p><strong>Tratamientos para la salud y el cuidado del cabello.<\/strong><\/p>\n<p>Los productos de la gama KERAVIT\u00ae han sido cuidadosamente formulados y testados bajo control dermatol\u00f3gico, para tratar y solucionar diferentes problemas capilares que existen actualmente, tanto en hombres como en mujeres.<\/p>\n<\/div>\n<p>[\/vc_column_text][\/vc_column][\/vc_row][vc_row][vc_column width=\u00bb1\/2&#8243;][vc_column_text]<a class=\"boto_3d\" href=\"\/keravit\/productos\/orales\/\" target=\"_self\" rel=\"noopener noreferrer\"> KERAVIT<sup>\u00ae<\/sup> Tratamientos orales capilares<\/a>[\/vc_column_text][\/vc_column][vc_column width=\u00bb1\/2&#8243;][vc_column_text]<a class=\"boto_3d\" href=\"\/keravit\/productos\/topicos\/\" target=\"_self\" rel=\"noopener noreferrer\"> KERAVIT<sup>\u00ae<\/sup> Tratamientos t\u00f3picos capilares<\/a>[\/vc_column_text][\/vc_column][\/vc_row][vc_row][vc_column]<div  class=\"wpb_content_element   clearfix\"><style type=\"text\/css\" scoped>#ut_am_6a0082942e178 { opacity: 1; }<\/style><div id=\"ut_am_wrap_6a0082942e17a\" class=\"ut-image-gallery-image \" style=\"text-align:center;\"><div class=\"ut-animated-image-item ut-image-gallery-item ut-animation-done\"><a class=\"ut-deactivated-link\" href=\"#\"><img title=\"bodego_keravit_004-900\" id=\"ut_am_6a0082942e178\" style=\"\" src=\"https:\/\/lsp.es\/keravit\/wp-content\/uploads\/2019\/10\/bodego_keravit_004-900.jpg\" width=\"900\" height=\"500\" alt=\"bodego keravit\"\/><\/a><\/div><\/div><\/div>[\/vc_column][\/vc_row][\/vc_section]<\/p>\n","protected":false},"excerpt":{"rendered":"<p>[vc_section el_id=\u00bbproblema\u00bb][vc_row][vc_column][vc_column_text]Cada vez m\u00e1s son las mujeres que ven afectada la salud de su cabello. Desde factores gen\u00e9ticos a ambientales o de estilo de vida, el pelo de la mujer sufre una ca\u00edda mayor a partir de los\u00a050 a\u00f1os. [\/vc_column_text][vc_row_inner content_placement=\u00bbmiddle\u00bb][vc_column_inner width=\u00bb1\/2&#8243;][\/vc_column_inner][vc_column_inner width=\u00bb1\/2&#8243;][vc_column_text]Las causas En algunas ocasiones las mujeres sufren un efecto llamado Efluvio Tel\u00f3geno [&hellip;]<\/p>\n","protected":false},"author":1,"featured_media":0,"parent":0,"menu_order":0,"comment_status":"closed","ping_status":"closed","template":"","meta":[],"yoast_head":"<!-- This site is optimized with the Yoast SEO plugin v16.4 - https:\/\/yoast.com\/wordpress\/plugins\/seo\/ -->\n<title>Alopecia en la mujer - Keravit<\/title>\n<meta name=\"robots\" content=\"index, follow, max-snippet:-1, max-image-preview:large, max-video-preview:-1\" \/>\n<link rel=\"canonical\" href=\"https:\/\/lsp.es\/keravit\/mujer\/\" \/>\n<meta property=\"og:locale\" content=\"es_ES\" \/>\n<meta property=\"og:type\" content=\"article\" \/>\n<meta property=\"og:title\" content=\"Alopecia en la mujer - Keravit\" \/>\n<meta property=\"og:description\" content=\"[vc_section el_id=\u00bbproblema\u00bb][vc_row][vc_column][vc_column_text]Cada vez m\u00e1s son las mujeres que ven afectada la salud de su cabello. Desde factores gen\u00e9ticos a ambientales o de estilo de vida, el pelo de la mujer sufre una ca\u00edda mayor a partir de los\u00a050 a\u00f1os. [\/vc_column_text][vc_row_inner content_placement=\u00bbmiddle\u00bb][vc_column_inner width=\u00bb1\/2&#8243;][\/vc_column_inner][vc_column_inner width=\u00bb1\/2&#8243;][vc_column_text]Las causas En algunas ocasiones las mujeres sufren un efecto llamado Efluvio Tel\u00f3geno [&hellip;]\" \/>\n<meta property=\"og:url\" content=\"https:\/\/lsp.es\/keravit\/mujer\/\" \/>\n<meta property=\"og:site_name\" content=\"Keravit\" \/>\n<meta property=\"article:modified_time\" content=\"2019-10-02T09:22:57+00:00\" \/>\n<meta name=\"twitter:card\" content=\"summary_large_image\" \/>\n<meta name=\"twitter:label1\" content=\"Tiempo de lectura\" \/>\n\t<meta name=\"twitter:data1\" content=\"2 minutos\" \/>\n<script type=\"application\/ld+json\" class=\"yoast-schema-graph\">{\"@context\":\"https:\/\/schema.org\",\"@graph\":[{\"@type\":\"Organization\",\"@id\":\"https:\/\/lsp.es\/keravit\/#organization\",\"name\":\"Keravit\",\"url\":\"https:\/\/lsp.es\/keravit\/\",\"sameAs\":[],\"logo\":{\"@type\":\"ImageObject\",\"@id\":\"https:\/\/lsp.es\/keravit\/#logo\",\"inLanguage\":\"es\",\"url\":\"https:\/\/lsp.es\/keravit\/wp-content\/uploads\/2019\/09\/Keravit-400-2.png\",\"contentUrl\":\"https:\/\/lsp.es\/keravit\/wp-content\/uploads\/2019\/09\/Keravit-400-2.png\",\"width\":400,\"height\":89,\"caption\":\"Keravit\"},\"image\":{\"@id\":\"https:\/\/lsp.es\/keravit\/#logo\"}},{\"@type\":\"WebSite\",\"@id\":\"https:\/\/lsp.es\/keravit\/#website\",\"url\":\"https:\/\/lsp.es\/keravit\/\",\"name\":\"Keravit\",\"description\":\"Tratamientos para la salud y el cuidado del cabello.\",\"publisher\":{\"@id\":\"https:\/\/lsp.es\/keravit\/#organization\"},\"potentialAction\":[{\"@type\":\"SearchAction\",\"target\":\"https:\/\/lsp.es\/keravit\/?s={search_term_string}\",\"query-input\":\"required name=search_term_string\"}],\"inLanguage\":\"es\"},{\"@type\":\"WebPage\",\"@id\":\"https:\/\/lsp.es\/keravit\/mujer\/#webpage\",\"url\":\"https:\/\/lsp.es\/keravit\/mujer\/\",\"name\":\"Alopecia en la mujer - Keravit\",\"isPartOf\":{\"@id\":\"https:\/\/lsp.es\/keravit\/#website\"},\"datePublished\":\"2019-07-23T09:47:37+00:00\",\"dateModified\":\"2019-10-02T09:22:57+00:00\",\"breadcrumb\":{\"@id\":\"https:\/\/lsp.es\/keravit\/mujer\/#breadcrumb\"},\"inLanguage\":\"es\",\"potentialAction\":[{\"@type\":\"ReadAction\",\"target\":[\"https:\/\/lsp.es\/keravit\/mujer\/\"]}]},{\"@type\":\"BreadcrumbList\",\"@id\":\"https:\/\/lsp.es\/keravit\/mujer\/#breadcrumb\",\"itemListElement\":[{\"@type\":\"ListItem\",\"position\":1,\"item\":{\"@type\":\"WebPage\",\"@id\":\"https:\/\/lsp.es\/keravit\/\",\"url\":\"https:\/\/lsp.es\/keravit\/\",\"name\":\"Inici\"}},{\"@type\":\"ListItem\",\"position\":2,\"item\":{\"@id\":\"https:\/\/lsp.es\/keravit\/mujer\/#webpage\"}}]}]}<\/script>\n<!-- \/ Yoast SEO plugin. -->","_links":{"self":[{"href":"https:\/\/lsp.es\/keravit\/wp-json\/wp\/v2\/pages\/3485"}],"collection":[{"href":"https:\/\/lsp.es\/keravit\/wp-json\/wp\/v2\/pages"}],"about":[{"href":"https:\/\/lsp.es\/keravit\/wp-json\/wp\/v2\/types\/page"}],"author":[{"embeddable":true,"href":"https:\/\/lsp.es\/keravit\/wp-json\/wp\/v2\/users\/1"}],"replies":[{"embeddable":true,"href":"https:\/\/lsp.es\/keravit\/wp-json\/wp\/v2\/comments?post=3485"}],"version-history":[{"count":28,"href":"https:\/\/lsp.es\/keravit\/wp-json\/wp\/v2\/pages\/3485\/revisions"}],"predecessor-version":[{"id":3943,"href":"https:\/\/lsp.es\/keravit\/wp-json\/wp\/v2\/pages\/3485\/revisions\/3943"}],"wp:attachment":[{"href":"https:\/\/lsp.es\/keravit\/wp-json\/wp\/v2\/media?parent=3485"}],"curies":[{"name":"wp","href":"https:\/\/api.w.org\/{rel}","templated":true}]}}